{"id":20092,"date":"2024-08-09T18:22:46","date_gmt":"2024-08-09T16:22:46","guid":{"rendered":"https:\/\/new.menjaactuaimpacta.org\/politica-de-privacidad\/"},"modified":"2024-08-12T10:02:44","modified_gmt":"2024-08-12T08:02:44","slug":"politica-de-privacidad","status":"publish","type":"page","link":"https:\/\/menjaactuaimpacta.org\/es\/politica-de-privacidad\/","title":{"rendered":"Pol\u00edtica de privacidad"},"content":{"rendered":"<p>[et_pb_section fb_built=\u00bb1&#8243; _builder_version=\u00bb4.16&#8243; global_colors_info=\u00bb{}\u00bb][et_pb_row _builder_version=\u00bb4.16&#8243; background_size=\u00bbinitial\u00bb background_position=\u00bbtop_left\u00bb background_repeat=\u00bbrepeat\u00bb global_colors_info=\u00bb{}\u00bb][et_pb_column type=\u00bb4_4&#8243; _builder_version=\u00bb4.16&#8243; custom_padding=\u00bb|||\u00bb global_colors_info=\u00bb{}\u00bb custom_padding__hover=\u00bb|||\u00bb][et_pb_text admin_label=\u00bbt\u00edtol: POL\u00cdTICA DE PRIVACITAT\u00bb _builder_version=\u00bb4.25.1&#8243; _module_preset=\u00bbdefault\u00bb text_font=\u00bbFormula Condensed Bold||||||||\u00bb text_text_color=\u00bb#FFFFFF\u00bb header_font_size=\u00bb80px\u00bb custom_margin=\u00bb30px||||false|false\u00bb locked=\u00bboff\u00bb global_colors_info=\u00bb{}\u00bb]<\/p>\n<h1 class=\"has-white-color has-text-color wp-block-heading\" style=\"text-align: left;\">POL\u00cdTICA DE PRIVACIDAD<\/h1>\n<p>[\/et_pb_text][et_pb_text _builder_version=\u00bb4.25.1&#8243; background_size=\u00bbinitial\u00bb background_position=\u00bbtop_left\u00bb background_repeat=\u00bbrepeat\u00bb global_colors_info=\u00bb{}\u00bb]<\/p>\n<p class=\"marginFirstSection\">La presente Pol\u00edtica de Privacidad detalla c\u00f3mo la Fundaci\u00f3 Catalana del Esplai (Fundesplai) y Dem\u00e0 M\u00f3n Sostenible, S.L., en su calidad de corresponsables del tratamiento, tratar\u00e1n los datos personales de los usuarios de este sitio web.<\/p>\n<p>Fundesplai y Dem\u00e0 M\u00f3n Sostenible, S.L. tienen su domicilio en 08820 El Prat de Llobregat (Barcelona), Calle Riu Anoia, 52-54, Edificio Centre Esplai ; y los interesados podr\u00e1n ponerse en contacto mediante correo electr\u00f3nico a la direcci\u00f3n <a href=\"mailto:dadespersonals@fundesplai.org\">dadespersonals@fundesplai.org <\/a>para poder formular consultas y ejercer sus derechos en relaci\u00f3n al tratamiento de sus datos personales.<\/p>\n<h2 class=\"wp-block-heading\">FINALIDAD<\/h2>\n<p>Los corresponsables tratar\u00e1n los datos personales de los usuarios, dependiendo del uso que \u00e9stos hagan, por alguna de las siguientes finalidades:<\/p>\n<ul class=\"wp-block-list\">\n<li>Dar respuesta a las consultas que \u00e9stos pueden hacer en el formulario habilitado al efecto.<\/li>\n<li>Enviar el bolet\u00edn informativo en caso de que se hayan suscrito.<\/li>\n<li>Realizar encuestas.<\/li>\n<li>Vender las entradas de los eventos organizados por la Fundaci\u00f3.<\/li>\n<\/ul>\n<p>Los datos ser\u00e1n conservados durante el tiempo que sea necesario para cumplir con la finalidad descrita, sin perjuicio de que puedan ser conservados durante un plazo superior en caso de que una norma legal as\u00ed lo exija.<\/p>\n<p>Los usuarios no ser\u00e1n objeto de decisiones automatizadas ni se elaborar\u00e1n perfiles de \u00e9stos.<\/p>\n<h2 class=\"wp-block-heading\">LEGITIMACI\u00d3N<\/h2>\n<p>La base leg\u00edtima por parte de los corresponsables para tratar los datos personales de los usuarios depende del tipo de tratamiento que lleven a cabo. De esta forma, las bases leg\u00edtimas ser\u00e1n las siguientes: <\/p>\n<ul class=\"wp-block-list\">\n<li>Para dar respuesta a las distintas consultas recibidas efectuadas por los usuarios, el propio inter\u00e9s leg\u00edtimo (art. 6.1.f) RGPD);<\/li>\n<li>Para el env\u00edo del bolet\u00edn informativo, el consentimiento previamente otorgado a tal efecto por el usuario (art. 6.1.a) RGPD). Dicho consentimiento podr\u00e1 ser revocado por el usuario en cualquier momento de forma gratuita. <\/li>\n<li>Para la realizaci\u00f3n de encuestas, el consentimiento previamente otorgado a tal efecto por el usuario (art. 6.1.a) RGPD). Dicho consentimiento podr\u00e1 ser revocado por el usuario en cualquier momento de forma gratuita. <\/li>\n<li>Para vender las entradas de los eventos organizados por la Fundaci\u00f3, por la ejecuci\u00f3n de un contrato del que el usuario es parte (6.1.b) RGPD).<\/li>\n<\/ul>\n<h2 class=\"wp-block-heading\">DESTINATARIOS<\/h2>\n<p>No se prev\u00e9n las cesiones de datos a terceros ni la transferencia internacional de las mismas, sin perjuicio de que sea posible que se cedan datos entre las diferentes entidades que forman parte del mismo grupo de la Fundaci\u00f3n para poder llevar a cabo dichos servicios.<\/p>\n<h2 class=\"wp-block-heading\">DERECHOS<\/h2>\n<p>Los usuarios tendr\u00e1n en todo momento derecho a acceder, rectificar, cancelar y, en su caso, oponerse al tratamiento de sus datos personales, as\u00ed como a reclamar ante la Autoridad de Control pertinente en materia de protecci\u00f3n de datos.<\/p>\n<div id=\"mouseposition-extension-element-full-container\" style=\"position: fixed; inset: 0px; pointer-events: none; z-index: 2147483647; font-weight: 400;\">\n<div id=\"mouseposition-extension-element-rect-display\" style=\"display: none; position: absolute; background: rgba(255, 255, 255, 0.7); outline: black solid 1px; font-size: 12px; z-index: 2147483647; justify-content: center; align-items: center; user-select: none; cursor: default; color: #000000; font-family: 'Helvetica Neue', Helvetica, Arial, sans-serif; width: 0px; height: 0px;\">\n<pre style=\"flex: 1 1 0%; text-align: center; background-color: rgba(255, 255, 255, 0.7); color: #000000; min-width: 42px; min-height: 12px; transition: 1s;\"> <\/pre>\n<p>&nbsp;<\/p>\n<\/div>\n<p>&nbsp;<\/p>\n<pre id=\"mouseposition-extension-element-coordinate-display\" style=\"position: absolute; display: none; background: #ffffff; font-size: 12px; line-height: 14px; border-radius: 3px; border-width: 1px; border-color: #222222 black #333333; border-style: solid; padding: 3px; z-index: 2147483647; color: #222222; user-select: none; cursor: default; font-family: 'Helvetica Neue', Helvetica, Arial, sans-serif;\"> <\/pre>\n<\/div>\n<p>[\/et_pb_text][\/et_pb_column][\/et_pb_row][\/et_pb_section]<\/p>\n","protected":false},"excerpt":{"rendered":"<p>POL\u00cdTICA DE PRIVACIDADLa presente Pol\u00edtica de Privacidad detalla c\u00f3mo la Fundaci\u00f3 Catalana del Esplai (Fundesplai) y Dem\u00e0 M\u00f3n Sostenible, S.L., en su calidad de corresponsables del tratamiento, tratar\u00e1n los datos personales de los usuarios de este sitio web. Fundesplai y Dem\u00e0 M\u00f3n Sostenible, S.L. tienen su domicilio en 08820 El Prat de Llobregat (Barcelona), Calle [&hellip;]<\/p>\n","protected":false},"author":1,"featured_media":0,"parent":0,"menu_order":0,"comment_status":"closed","ping_status":"closed","template":"","meta":{"_et_pb_use_builder":"on","_et_pb_old_content":"<p>\u00a0<\/p><div id=\"mouseposition-extension-element-full-container\" style=\"position: fixed; inset: 0px; pointer-events: none; z-index: 2147483647; font-weight: 400;\"><div id=\"mouseposition-extension-element-rect-display\" style=\"display: none; position: absolute; background: rgba(255, 255, 255, 0.7); outline: black solid 1px; font-size: 12px; z-index: 2147483647; justify-content: center; align-items: center; user-select: none; cursor: default; color: #000000; font-family: 'Helvetica Neue', Helvetica, Arial, sans-serif; width: 0px; height: 0px;\"><pre style=\"flex: 1 1 0%; text-align: center; background-color: rgba(255, 255, 255, 0.7); color: #000000; min-width: 42px; min-height: 12px; transition: 1s;\">\u00a0<\/pre><\/div><pre id=\"mouseposition-extension-element-coordinate-display\" style=\"position: absolute; display: none; background: #ffffff; font-size: 12px; line-height: 14px; border-radius: 3px; border-width: 1px; border-color: #222222 black #333333; border-style: solid; padding: 3px; z-index: 2147483647; color: #222222; user-select: none; cursor: default; font-family: 'Helvetica Neue', Helvetica, Arial, sans-serif;\">\u00a0<\/pre><\/div>","_et_gb_content_width":"","footnotes":""},"class_list":["post-20092","page","type-page","status-publish","hentry"],"yoast_head":"<!-- This site is optimized with the Yoast SEO plugin v27.3 - https:\/\/yoast.com\/product\/yoast-seo-wordpress\/ -->\n<title>Pol\u00edtica de privacidad - Menja Actua Impacta<\/title>\n<meta name=\"robots\" content=\"index, follow, max-snippet:-1, max-image-preview:large, max-video-preview:-1\" \/>\n<link rel=\"canonical\" href=\"https:\/\/menjaactuaimpacta.org\/es\/politica-de-privacidad\/\" \/>\n<meta property=\"og:locale\" content=\"es_ES\" \/>\n<meta property=\"og:type\" content=\"article\" \/>\n<meta property=\"og:title\" content=\"Pol\u00edtica de privacidad - Menja Actua Impacta\" \/>\n<meta property=\"og:description\" content=\"POL\u00cdTICA DE PRIVACIDADLa presente Pol\u00edtica de Privacidad detalla c\u00f3mo la Fundaci\u00f3 Catalana del Esplai (Fundesplai) y Dem\u00e0 M\u00f3n Sostenible, S.L., en su calidad de corresponsables del tratamiento, tratar\u00e1n los datos personales de los usuarios de este sitio web. Fundesplai y Dem\u00e0 M\u00f3n Sostenible, S.L. tienen su domicilio en 08820 El Prat de Llobregat (Barcelona), Calle [&hellip;]\" \/>\n<meta property=\"og:url\" content=\"https:\/\/menjaactuaimpacta.org\/es\/politica-de-privacidad\/\" \/>\n<meta property=\"og:site_name\" content=\"Menja Actua Impacta\" \/>\n<meta property=\"article:modified_time\" content=\"2024-08-12T08:02:44+00:00\" \/>\n<meta name=\"twitter:card\" content=\"summary_large_image\" \/>\n<meta name=\"twitter:label1\" content=\"Tiempo de lectura\" \/>\n\t<meta name=\"twitter:data1\" content=\"3 minutos\" \/>\n<script type=\"application\/ld+json\" class=\"yoast-schema-graph\">{\"@context\":\"https:\\\/\\\/schema.org\",\"@graph\":[{\"@type\":\"WebPage\",\"@id\":\"https:\\\/\\\/menjaactuaimpacta.org\\\/es\\\/politica-de-privacidad\\\/\",\"url\":\"https:\\\/\\\/menjaactuaimpacta.org\\\/es\\\/politica-de-privacidad\\\/\",\"name\":\"Pol\u00edtica de privacidad - Menja Actua Impacta\",\"isPartOf\":{\"@id\":\"https:\\\/\\\/menjaactuaimpacta.org\\\/es\\\/#website\"},\"datePublished\":\"2024-08-09T16:22:46+00:00\",\"dateModified\":\"2024-08-12T08:02:44+00:00\",\"breadcrumb\":{\"@id\":\"https:\\\/\\\/menjaactuaimpacta.org\\\/es\\\/politica-de-privacidad\\\/#breadcrumb\"},\"inLanguage\":\"es\",\"potentialAction\":[{\"@type\":\"ReadAction\",\"target\":[\"https:\\\/\\\/menjaactuaimpacta.org\\\/es\\\/politica-de-privacidad\\\/\"]}]},{\"@type\":\"BreadcrumbList\",\"@id\":\"https:\\\/\\\/menjaactuaimpacta.org\\\/es\\\/politica-de-privacidad\\\/#breadcrumb\",\"itemListElement\":[{\"@type\":\"ListItem\",\"position\":1,\"name\":\"Inici\",\"item\":\"https:\\\/\\\/menjaactuaimpacta.org\\\/es\\\/\"},{\"@type\":\"ListItem\",\"position\":2,\"name\":\"Pol\u00edtica de privacidad\"}]},{\"@type\":\"WebSite\",\"@id\":\"https:\\\/\\\/menjaactuaimpacta.org\\\/es\\\/#website\",\"url\":\"https:\\\/\\\/menjaactuaimpacta.org\\\/es\\\/\",\"name\":\"Menja Actua Impacta\",\"description\":\"\",\"publisher\":{\"@id\":\"https:\\\/\\\/menjaactuaimpacta.org\\\/es\\\/#organization\"},\"potentialAction\":[{\"@type\":\"SearchAction\",\"target\":{\"@type\":\"EntryPoint\",\"urlTemplate\":\"https:\\\/\\\/menjaactuaimpacta.org\\\/es\\\/?s={search_term_string}\"},\"query-input\":{\"@type\":\"PropertyValueSpecification\",\"valueRequired\":true,\"valueName\":\"search_term_string\"}}],\"inLanguage\":\"es\"},{\"@type\":\"Organization\",\"@id\":\"https:\\\/\\\/menjaactuaimpacta.org\\\/es\\\/#organization\",\"name\":\"Menja Actua Impacta\",\"url\":\"https:\\\/\\\/menjaactuaimpacta.org\\\/es\\\/\",\"logo\":{\"@type\":\"ImageObject\",\"inLanguage\":\"es\",\"@id\":\"https:\\\/\\\/menjaactuaimpacta.org\\\/es\\\/#\\\/schema\\\/logo\\\/image\\\/\",\"url\":\"https:\\\/\\\/menjaactuaimpacta.org\\\/wp-content\\\/uploads\\\/2024\\\/06\\\/Imagen-menja-actua-impacta.png\",\"contentUrl\":\"https:\\\/\\\/menjaactuaimpacta.org\\\/wp-content\\\/uploads\\\/2024\\\/06\\\/Imagen-menja-actua-impacta.png\",\"width\":933,\"height\":784,\"caption\":\"Menja Actua Impacta\"},\"image\":{\"@id\":\"https:\\\/\\\/menjaactuaimpacta.org\\\/es\\\/#\\\/schema\\\/logo\\\/image\\\/\"}}]}<\/script>\n<!-- \/ Yoast SEO plugin. -->","yoast_head_json":{"title":"Pol\u00edtica de privacidad - Menja Actua Impacta","robots":{"index":"index","follow":"follow","max-snippet":"max-snippet:-1","max-image-preview":"max-image-preview:large","max-video-preview":"max-video-preview:-1"},"canonical":"https:\/\/menjaactuaimpacta.org\/es\/politica-de-privacidad\/","og_locale":"es_ES","og_type":"article","og_title":"Pol\u00edtica de privacidad - Menja Actua Impacta","og_description":"POL\u00cdTICA DE PRIVACIDADLa presente Pol\u00edtica de Privacidad detalla c\u00f3mo la Fundaci\u00f3 Catalana del Esplai (Fundesplai) y Dem\u00e0 M\u00f3n Sostenible, S.L., en su calidad de corresponsables del tratamiento, tratar\u00e1n los datos personales de los usuarios de este sitio web. Fundesplai y Dem\u00e0 M\u00f3n Sostenible, S.L. tienen su domicilio en 08820 El Prat de Llobregat (Barcelona), Calle [&hellip;]","og_url":"https:\/\/menjaactuaimpacta.org\/es\/politica-de-privacidad\/","og_site_name":"Menja Actua Impacta","article_modified_time":"2024-08-12T08:02:44+00:00","twitter_card":"summary_large_image","twitter_misc":{"Tiempo de lectura":"3 minutos"},"schema":{"@context":"https:\/\/schema.org","@graph":[{"@type":"WebPage","@id":"https:\/\/menjaactuaimpacta.org\/es\/politica-de-privacidad\/","url":"https:\/\/menjaactuaimpacta.org\/es\/politica-de-privacidad\/","name":"Pol\u00edtica de privacidad - Menja Actua Impacta","isPartOf":{"@id":"https:\/\/menjaactuaimpacta.org\/es\/#website"},"datePublished":"2024-08-09T16:22:46+00:00","dateModified":"2024-08-12T08:02:44+00:00","breadcrumb":{"@id":"https:\/\/menjaactuaimpacta.org\/es\/politica-de-privacidad\/#breadcrumb"},"inLanguage":"es","potentialAction":[{"@type":"ReadAction","target":["https:\/\/menjaactuaimpacta.org\/es\/politica-de-privacidad\/"]}]},{"@type":"BreadcrumbList","@id":"https:\/\/menjaactuaimpacta.org\/es\/politica-de-privacidad\/#breadcrumb","itemListElement":[{"@type":"ListItem","position":1,"name":"Inici","item":"https:\/\/menjaactuaimpacta.org\/es\/"},{"@type":"ListItem","position":2,"name":"Pol\u00edtica de privacidad"}]},{"@type":"WebSite","@id":"https:\/\/menjaactuaimpacta.org\/es\/#website","url":"https:\/\/menjaactuaimpacta.org\/es\/","name":"Menja Actua Impacta","description":"","publisher":{"@id":"https:\/\/menjaactuaimpacta.org\/es\/#organization"},"potentialAction":[{"@type":"SearchAction","target":{"@type":"EntryPoint","urlTemplate":"https:\/\/menjaactuaimpacta.org\/es\/?s={search_term_string}"},"query-input":{"@type":"PropertyValueSpecification","valueRequired":true,"valueName":"search_term_string"}}],"inLanguage":"es"},{"@type":"Organization","@id":"https:\/\/menjaactuaimpacta.org\/es\/#organization","name":"Menja Actua Impacta","url":"https:\/\/menjaactuaimpacta.org\/es\/","logo":{"@type":"ImageObject","inLanguage":"es","@id":"https:\/\/menjaactuaimpacta.org\/es\/#\/schema\/logo\/image\/","url":"https:\/\/menjaactuaimpacta.org\/wp-content\/uploads\/2024\/06\/Imagen-menja-actua-impacta.png","contentUrl":"https:\/\/menjaactuaimpacta.org\/wp-content\/uploads\/2024\/06\/Imagen-menja-actua-impacta.png","width":933,"height":784,"caption":"Menja Actua Impacta"},"image":{"@id":"https:\/\/menjaactuaimpacta.org\/es\/#\/schema\/logo\/image\/"}}]}},"_links":{"self":[{"href":"https:\/\/menjaactuaimpacta.org\/es\/wp-json\/wp\/v2\/pages\/20092","targetHints":{"allow":["GET"]}}],"collection":[{"href":"https:\/\/menjaactuaimpacta.org\/es\/wp-json\/wp\/v2\/pages"}],"about":[{"href":"https:\/\/menjaactuaimpacta.org\/es\/wp-json\/wp\/v2\/types\/page"}],"author":[{"embeddable":true,"href":"https:\/\/menjaactuaimpacta.org\/es\/wp-json\/wp\/v2\/users\/1"}],"replies":[{"embeddable":true,"href":"https:\/\/menjaactuaimpacta.org\/es\/wp-json\/wp\/v2\/comments?post=20092"}],"version-history":[{"count":6,"href":"https:\/\/menjaactuaimpacta.org\/es\/wp-json\/wp\/v2\/pages\/20092\/revisions"}],"predecessor-version":[{"id":20098,"href":"https:\/\/menjaactuaimpacta.org\/es\/wp-json\/wp\/v2\/pages\/20092\/revisions\/20098"}],"wp:attachment":[{"href":"https:\/\/menjaactuaimpacta.org\/es\/wp-json\/wp\/v2\/media?parent=20092"}],"curies":[{"name":"wp","href":"https:\/\/api.w.org\/{rel}","templated":true}]}}