{"id":20061,"date":"2024-08-09T18:21:49","date_gmt":"2024-08-09T16:21:49","guid":{"rendered":"https:\/\/new.menjaactuaimpacta.org\/condiciones-generales-de-uso\/"},"modified":"2024-08-12T09:39:08","modified_gmt":"2024-08-12T07:39:08","slug":"condiciones-generales-de-uso","status":"publish","type":"page","link":"https:\/\/menjaactuaimpacta.org\/es\/condiciones-generales-de-uso\/","title":{"rendered":"Condiciones generales de uso"},"content":{"rendered":"<p>[et_pb_section fb_built=\u00bb1&#8243; _builder_version=\u00bb4.16&#8243; global_colors_info=\u00bb{}\u00bb][et_pb_row _builder_version=\u00bb4.16&#8243; background_size=\u00bbinitial\u00bb background_position=\u00bbtop_left\u00bb background_repeat=\u00bbrepeat\u00bb global_colors_info=\u00bb{}\u00bb][et_pb_column type=\u00bb4_4&#8243; _builder_version=\u00bb4.16&#8243; custom_padding=\u00bb|||\u00bb global_colors_info=\u00bb{}\u00bb custom_padding__hover=\u00bb|||\u00bb][et_pb_text admin_label=\u00bbt\u00edtol: CONDICIONS GENERALS D&#8217;\u00daS\u00bb _builder_version=\u00bb4.25.1&#8243; _module_preset=\u00bbdefault\u00bb text_font=\u00bbFormula Condensed Bold||||||||\u00bb text_text_color=\u00bb#FFFFFF\u00bb header_text_color=\u00bb#FFFFFF\u00bb header_font_size=\u00bb80px\u00bb custom_margin=\u00bb30px||||false|false\u00bb locked=\u00bboff\u00bb global_colors_info=\u00bb{}\u00bb]<\/p>\n<h1 class=\"has-white-color has-text-color wp-block-heading\" style=\"text-align: center;\">CONDICIONES GENERALES DE USO<\/h1>\n<p>[\/et_pb_text][et_pb_text _builder_version=\u00bb4.25.1&#8243; background_size=\u00bbinitial\u00bb background_position=\u00bbtop_left\u00bb background_repeat=\u00bbrepeat\u00bb global_colors_info=\u00bb{}\u00bb]<\/p>\n<p>Las cl\u00e1usulas que a continuaci\u00f3n se relacionan regulan las condiciones de uso del Portal de Internet MENJAACTUAIMPACTA.ORG (en adelante, el Portal) de Dem\u00e0 M\u00f3n Sostenible, SL.<\/p>\n<p>La expresi\u00f3n \u201cusuario\u201d comprende a cualquier persona que acceda al Portal MENJAACTUAIMPACTA.ORG, ya sea directamente, o desde cualquier otro sitio de Internet.<\/p>\n<p>Las condiciones generales que regulan el uso del Portal son las siguientes:<\/p>\n<p><strong>GEN\u00c9RICAS<\/strong><\/p>\n<p>Los servicios que ofrece Dem\u00e0 M\u00f3n Sostenible, SL. a trav\u00e9s del presente sitio de Internet se regulan por las cl\u00e1usulas previstas en las presentes condiciones (sin perjuicio de los restantes avisos legales que figuran en el Portal).<\/p>\n<p>Dem\u00e0 M\u00f3n Sostenible, SL. se reservan el derecho a modificar, total o parcialmente, estas condiciones generales, resultando de aplicaci\u00f3n las nuevas que pueda acordar desde el momento de su inserci\u00f3n en la p\u00e1gina. En cualquier caso, las citadas modificaciones no tendr\u00e1n efectos retroactivos sobre los servicios previamente utilizados por los usuarios. <\/p>\n<p>Para cualquier aclaraci\u00f3n en relaci\u00f3n a esta p\u00e1gina Web o las presentes Condiciones, el usuario puede ponerse en contacto enviando un correo a <a href=\"mailto:dadespersonals@fundesplai.org\">dadespersonals@fundesplai.org<\/a>.<\/p>\n<p><strong>IDENTIFICACI\u00d3N Y RAZ\u00d3N SOCIAL DE LA ENTIDAD OFRECIENTE<\/strong><\/p>\n<p>La entidad titular del presente Portal de Internet es Dem\u00e0 M\u00f3n Sostenible, SL (con CIF B06844831, inscrita en el Registro Mercantil de Barcelona con el n\u00famero 2021\/1371) con sede en la Calle Riu Anoia 42-54, 08820 El Prat de Llobregat, Barcelona.<\/p>\n<p><strong>CONDICIONES DE ACCESO DEL USUARIO<\/strong><\/p>\n<p>El usuario del presente Portal de Internet se obliga a utilizar la informaci\u00f3n contenida en este sitio exclusivamente para sus propias necesidades, ya no realizar directa o indirectamente ning\u00fan tipo de explotaci\u00f3n comercial de los contenidos y servicios a los que tiene acceso.<\/p>\n<p>El usuario tiene derecho al acceso libre y gratuito a la informaci\u00f3n p\u00fablica recogida en la presente p\u00e1gina Web.<\/p>\n<p><strong>PROPIEDAD INTELECTUAL E INDUSTRIAL<\/strong><\/p>\n<p>Los derechos relativos a la propiedad industrial e intelectual (a t\u00edtulo enunciativo y no limitativo las marcas, logotipos, textos, fotograf\u00edas, iconos, im\u00e1genes, etc., as\u00ed como el dise\u00f1o gr\u00e1fico, c\u00f3digo fuente y otros elementos de software contenidos en la presente p\u00e1gina Web), son propiedad de la Dem\u00e0 M\u00f3n Sostenible, SL y entidades vinculadas que puedan prestar los servicios que se ofrecen a trav\u00e9s del Portal. Por tanto, est\u00e1n sujetos a los derechos de propiedad intelectual e industrial protegidos por la legislaci\u00f3n espa\u00f1ola e internacional. <\/p>\n<p>Sin la autorizaci\u00f3n previa, escrita y fehaciente deDem\u00e0 M\u00f3n Sostenible, SL o, en su caso, de la entidad prestamista de servicios que ostente la titularidad de los derechos, no est\u00e1 permitido utilizar, reproducir, transmitir, manipular, as\u00ed como cualquier otro uso que exceda de la utilizaci\u00f3n necesaria para la visita de la p\u00e1gina Web y el uso de los servicios ofrecidos en la misma.<\/p>\n<p>El acceso a los servicios de la p\u00e1gina no supone por parte de la Ma\u00f1ana Mundo Sostenible, SL ninguna renuncia, transmisi\u00f3n, ni cesi\u00f3n total o parcial de los derechos derivados de la propiedad intelectual e industrial, ni atribuye derechos de utilizaci\u00f3n, alteraci\u00f3n, explotaci\u00f3n, reproducci\u00f3n, distribuci\u00f3n o comunicaci\u00f3n p\u00fablica sobre estos contenidos, sin la autorizaci\u00f3n previa, expresa, y por escrito de los respectivos titulares de dichos derechos, todo ello sin perjuicio del derecho de visualizaci\u00f3n y obtenci\u00f3n de copia privada de seguridad de tales contenidos, siempre que este derecho se ejercite de acuerdo con los principios de buena fe, se mantenga inalterada la propiedad intelectual e industrial del titular de estos derechos, y se utilice sin fines comerciales y exclusivamente para informaci\u00f3n personal del usuario .<\/p>\n<p>La responsabilidad derivada del uso de materiales protegidos por los derechos de propiedad intelectual e industrial contenidos en esta p\u00e1gina Web corresponder\u00e1 exclusivamente al usuario.<\/p>\n<p><strong>OBJETO DEL PORTAL<\/strong><\/p>\n<p>El presente Portal de Internet tiene la finalidad de dar a conocer Dem\u00e0 M\u00f3n Sostenible, SL, as\u00ed como sus objetivos, actividades y servicios.<\/p>\n<p><strong>EXONERACI\u00d3N DE RESPONSABILIDAD<\/strong><\/p>\n<p>Dem\u00e0 M\u00f3n Sostenible, SL no responder\u00e1n por las interrupciones que puedan producirse en los servicios el\u00e9ctricos o de telecomunicaciones que impidan a los usuarios utilizar los servicios que se ofrecen en esta p\u00e1gina.<\/p>\n<p>Dem\u00e0 M\u00f3n Sostenible, SL tampoco responden de las p\u00e1ginas Web a las que pueda enlazar o hacer referencia, ni de sus contenidos.<\/p>\n<p><strong>PROTECCI\u00d3N DE DATOS DE CAR\u00c1CTER PERSONAL<\/strong><\/p>\n<p>Para consultar la informaci\u00f3n relativa al tratamiento de tus datos personales, puedes consultar nuestra <a href=\"https:\/\/menjaactuaimpacta.org\/politica-de-privacitat\/\">Pol\u00edtica de Privacidad<\/a><\/p>\n<p><strong>LEGISLACI\u00d3N APLICABLE<\/strong><\/p>\n<p>Las presentes Condiciones Generales se rigen por la legislaci\u00f3n espa\u00f1ola.<\/p>\n<div id=\"mouseposition-extension-element-full-container\" style=\"position: fixed; inset: 0px; pointer-events: none; z-index: 2147483647; font-weight: 400;\">\n<div id=\"mouseposition-extension-element-rect-display\" style=\"display: none; position: absolute; background: rgba(255, 255, 255, 0.7); outline: black solid 1px; font-size: 12px; z-index: 2147483647; justify-content: center; align-items: center; user-select: none; cursor: default; color: #000000; font-family: 'Helvetica Neue', Helvetica, Arial, sans-serif; width: 0px; height: 0px;\">\n<pre style=\"flex: 1 1 0%; text-align: center; background-color: rgba(255, 255, 255, 0.7); color: #000000; min-width: 42px; min-height: 12px; transition: 1s;\"> <\/pre>\n<p>&nbsp;<\/p>\n<\/div>\n<p>&nbsp;<\/p>\n<pre id=\"mouseposition-extension-element-coordinate-display\" style=\"position: absolute; display: none; background: #ffffff; font-size: 12px; line-height: 14px; border-radius: 3px; border-width: 1px; border-color: #222222 black #333333; border-style: solid; padding: 3px; z-index: 2147483647; color: #222222; user-select: none; cursor: default; font-family: 'Helvetica Neue', Helvetica, Arial, sans-serif;\"> <\/pre>\n<\/div>\n<p>[\/et_pb_text][\/et_pb_column][\/et_pb_row][\/et_pb_section]<\/p>\n","protected":false},"excerpt":{"rendered":"<p>CONDICIONES GENERALES DE USOLas cl\u00e1usulas que a continuaci\u00f3n se relacionan regulan las condiciones de uso del Portal de Internet MENJAACTUAIMPACTA.ORG (en adelante, el Portal) de Dem\u00e0 M\u00f3n Sostenible, SL. La expresi\u00f3n \u201cusuario\u201d comprende a cualquier persona que acceda al Portal MENJAACTUAIMPACTA.ORG, ya sea directamente, o desde cualquier otro sitio de Internet. Las condiciones generales que [&hellip;]<\/p>\n","protected":false},"author":1,"featured_media":0,"parent":0,"menu_order":0,"comment_status":"closed","ping_status":"closed","template":"","meta":{"_et_pb_use_builder":"on","_et_pb_old_content":"<p>Les cl\u00e0usules que a continuaci\u00f3 es relacionen regulen les condicions d\u2019\u00fas del Portal d\u2019Internet MENJAACTUAIMPACTA.ORG (d\u2019ara endavant, el Portal) de la Dem\u00e0 M\u00f3n Sostenible, SL.\u00a0<\/p><p>L\u2019expressi\u00f3 \u201cusuari\u201d compr\u00e8n qualsevol persona que accedeixi al Portal MENJAACTUAIMPACTA.ORG, ja sigui directament, o des de qualsevol altre lloc d\u2019Internet.\u00a0<\/p><p>Les condicions generals que regulen l\u2019\u00fas del Portal s\u00f3n les seg\u00fcents:\u00a0<\/p><p><strong>GEN\u00c8RIQUES<\/strong>\u00a0<\/p><p>Els serveis que ofereix la Dem\u00e0 M\u00f3n Sostenible, SL a trav\u00e9s del present lloc d\u2019Internet es regulen per les cl\u00e0usules previstes a les presents condicions (sens perjudici dels restants avisos legals que figuren en el Portal).\u00a0<\/p><p>Dem\u00e0 M\u00f3n Sostenible, SL es reserven el dret a modificar, total o parcialment, aquestes condicions generals, resultant d\u2019aplicaci\u00f3 les noves que pugui acordar des del moment de la seva inserci\u00f3 a la p\u00e0gina. En qualsevol cas, les esmentades modificacions no tindran efectes retroactius sobre els serveis pr\u00e8viament utilitzats pels usuaris.\u00a0<\/p><p>Per a qualsevol aclariment en relaci\u00f3 amb aquesta p\u00e0gina Web o les presents Condicions, l\u2019usuari pot posar-se en contacte\u00a0enviant un correu a\u00a0<a href=\"mailto:dadespersonals@fundesplai.org\">dadespersonals@fundesplai.org<\/a>\u00a0<\/p><p><strong>IDENTIFICACI\u00d3 I RA\u00d3 SOCIAL DE L\u2019ENTITAT OFERENT<\/strong>\u00a0<\/p><p>L\u2019entitat titular del present Portal d\u2019Internet \u00e9s Dem\u00e0 M\u00f3n Sostenible, SL (amb CIF B06844831, inscrita al Registre Mercantil de Barcelona amb el n\u00famero 2021\/1371) amb seu al Carrer Riu Anoia 42-54, 08820 El Prat de Llobregat, Barcelona.\u00a0<\/p><p><strong>CONDICIONS D\u2019ACC\u00c9S DE L\u2019USUARI<\/strong>\u00a0<\/p><p>L\u2019usuari del present Portal d\u2019Internet s\u2019obliga a utilitzar la informaci\u00f3 continguda en aquest lloc exclusivament per a les seves pr\u00f2pies necessitats, i a no realitzar directa o indirectament cap tipus d\u2019explotaci\u00f3 comercial dels continguts i serveis als quals hi t\u00e9 acc\u00e9s.\u00a0<\/p><p>L\u2019usuari t\u00e9 dret a l\u2019acc\u00e9s lliure i gratu\u00eft a la informaci\u00f3 p\u00fablica recollida a la present p\u00e0gina Web.\u00a0<\/p><p><strong>PROPIETAT INTEL\u00b7LECTUAL I INDUSTRIAL<\/strong>\u00a0<\/p><p>Els drets relatius a la propietat industrial i intel\u00b7lectual (a t\u00edtol enunciatiu i no limitatiu les marques, logotips, textos, fotografies, icones, imatges, etc., aix\u00ed com el disseny gr\u00e0fic, codi font i altres elements de software continguts a la present p\u00e0gina Web), s\u00f3n propietat de la Dem\u00e0 M\u00f3n Sostenible, SL i entitats vinculades que puguin prestar els serveis que s\u2019ofereixen a trav\u00e9s del Portal. Per tant, estan subjectes als drets de propietat intel\u00b7lectual i industrial protegits per la legislaci\u00f3 espanyola i internacional.\u00a0<\/p><p>Sense l\u2018autoritzaci\u00f3 pr\u00e8via, escrita i fefaent de la Dem\u00e0 M\u00f3n Sostenible, SL o, en el seu cas, de l\u2019entitat prestadora de serveis que ostenti la titularitat dels drets, no est\u00e0 perm\u00e8s utilitzar, reproduir, transmetre, manipular, aix\u00ed com qualsevol altre \u00fas que excedeixi de la utilitzaci\u00f3 necess\u00e0ria per a la visita de la p\u00e0gina Web i l\u2019\u00fas dels serveis que s\u2019hi ofereixen.\u00a0<\/p><p>L\u2019acc\u00e9s als serveis de la p\u00e0gina no suposa per part de la Dem\u00e0 M\u00f3n Sostenible, SL cap renuncia, transmissi\u00f3, ni cessi\u00f3 total o parcial dels drets derivats de la propietat intel\u00b7lectual i industrial, ni atribueix drets d\u2019utilitzaci\u00f3, alteraci\u00f3, explotaci\u00f3, reproducci\u00f3, distribuci\u00f3 o comunicaci\u00f3 p\u00fablica sobre aquests continguts, sense l\u2019autoritzaci\u00f3 pr\u00e8via, expressa, i per escrit dels respectius titulars dels esmentats drets, tot aix\u00f2 sens perjudici del dret de visualitzaci\u00f3 i obtenci\u00f3 de c\u00f2pia privada de seguretat de tals continguts, sempre que aquest dret s\u2019exerciti d\u2019acord amb els principis de bona fe, es mantingui inalterada la propietat intel\u00b7lectual i industrial del titular d\u2019aquests drets, i s\u2019utilitzi sense finalitats comercials i exclusivament per a informaci\u00f3 personal de l\u2019usuari.\u00a0<\/p><p>La responsabilitat derivada de l\u2019\u00fas dels materials protegits pels drets de propietat intel\u00b7lectual i industrial continguts en aquesta p\u00e0gina Web correspondr\u00e0 exclusivament a l\u2019usuari.\u00a0<\/p><p><strong>OBJECTE DEL PORTAL<\/strong>\u00a0<\/p><p>El present Portal d\u2019Internet t\u00e9 la finalitat de donar a con\u00e8ixer Dem\u00e0 M\u00f3n Sostenible, SL, aix\u00ed com els seus objectius, activitats i serveis.\u00a0<\/p><p><strong>EXONERACI\u00d3 DE RESPONSABILITAT<\/strong>\u00a0<\/p><p>Dem\u00e0 M\u00f3n Sostenible, SL no respondran per les interrupcions que puguin produir-se en els serveis el\u00e8ctrics o de telecomunicacions que impedeixin als usuaris utilitzar els serveis que s\u2019ofereixen en aquesta p\u00e0gina.\u00a0<\/p><p>Dem\u00e0 M\u00f3n Sostenible, SL tampoc responen de les p\u00e0gines Web a les quals pugui enlla\u00e7ar o fer refer\u00e8ncia, ni dels seus continguts.\u00a0<\/p><p><strong>PROTECCI\u00d3 DE DADES DE CAR\u00c0CTER PERSONAL<\/strong>\u00a0<\/p><p>Per\u00a0consultar la informaci\u00f3 relativa al tractament de les\u00a0teves\u00a0dades personals, pots consultar la nostra\u00a0<a href=\"https:\/\/menjaactuaimpacta.org\/politica-de-privacitat\/\">Pol\u00edtica de Privacitat<\/a><\/p><p><strong>LEGISLACI\u00d3 APLICABLE<\/strong>\u00a0<\/p><p>Les presents Condicions Generals es regeixen per la legislaci\u00f3 espanyola.\u00a0<\/p><div id=\"mouseposition-extension-element-full-container\" style=\"position: fixed; inset: 0px; pointer-events: none; z-index: 2147483647; font-weight: 400;\"><div id=\"mouseposition-extension-element-rect-display\" style=\"display: none; position: absolute; background: rgba(255, 255, 255, 0.7); outline: black solid 1px; font-size: 12px; z-index: 2147483647; justify-content: center; align-items: center; user-select: none; cursor: default; color: #000000; font-family: 'Helvetica Neue', Helvetica, Arial, sans-serif; width: 0px; height: 0px;\"><pre style=\"flex: 1 1 0%; text-align: center; background-color: rgba(255, 255, 255, 0.7); color: #000000; min-width: 42px; min-height: 12px; transition: 1s;\">\u00a0<\/pre><\/div><pre id=\"mouseposition-extension-element-coordinate-display\" style=\"position: absolute; display: none; background: #ffffff; font-size: 12px; line-height: 14px; border-radius: 3px; border-width: 1px; border-color: #222222 black #333333; border-style: solid; padding: 3px; z-index: 2147483647; color: #222222; user-select: none; cursor: default; font-family: 'Helvetica Neue', Helvetica, Arial, sans-serif;\">\u00a0<\/pre><\/div>","_et_gb_content_width":"","footnotes":""},"class_list":["post-20061","page","type-page","status-publish","hentry"],"yoast_head":"<!-- This site is optimized with the Yoast SEO plugin v27.3 - https:\/\/yoast.com\/product\/yoast-seo-wordpress\/ -->\n<title>Condiciones generales de uso - Menja Actua Impacta<\/title>\n<meta name=\"robots\" content=\"index, follow, max-snippet:-1, max-image-preview:large, max-video-preview:-1\" \/>\n<link rel=\"canonical\" href=\"https:\/\/menjaactuaimpacta.org\/es\/condiciones-generales-de-uso\/\" \/>\n<meta property=\"og:locale\" content=\"es_ES\" \/>\n<meta property=\"og:type\" content=\"article\" \/>\n<meta property=\"og:title\" content=\"Condiciones generales de uso - Menja Actua Impacta\" \/>\n<meta property=\"og:description\" content=\"CONDICIONES GENERALES DE USOLas cl\u00e1usulas que a continuaci\u00f3n se relacionan regulan las condiciones de uso del Portal de Internet MENJAACTUAIMPACTA.ORG (en adelante, el Portal) de Dem\u00e0 M\u00f3n Sostenible, SL. La expresi\u00f3n \u201cusuario\u201d comprende a cualquier persona que acceda al Portal MENJAACTUAIMPACTA.ORG, ya sea directamente, o desde cualquier otro sitio de Internet. Las condiciones generales que [&hellip;]\" \/>\n<meta property=\"og:url\" content=\"https:\/\/menjaactuaimpacta.org\/es\/condiciones-generales-de-uso\/\" \/>\n<meta property=\"og:site_name\" content=\"Menja Actua Impacta\" \/>\n<meta property=\"article:modified_time\" content=\"2024-08-12T07:39:08+00:00\" \/>\n<meta name=\"twitter:card\" content=\"summary_large_image\" \/>\n<meta name=\"twitter:label1\" content=\"Tiempo de lectura\" \/>\n\t<meta name=\"twitter:data1\" content=\"5 minutos\" \/>\n<script type=\"application\/ld+json\" class=\"yoast-schema-graph\">{\"@context\":\"https:\\\/\\\/schema.org\",\"@graph\":[{\"@type\":\"WebPage\",\"@id\":\"https:\\\/\\\/menjaactuaimpacta.org\\\/es\\\/condiciones-generales-de-uso\\\/\",\"url\":\"https:\\\/\\\/menjaactuaimpacta.org\\\/es\\\/condiciones-generales-de-uso\\\/\",\"name\":\"Condiciones generales de uso - Menja Actua Impacta\",\"isPartOf\":{\"@id\":\"https:\\\/\\\/menjaactuaimpacta.org\\\/es\\\/#website\"},\"datePublished\":\"2024-08-09T16:21:49+00:00\",\"dateModified\":\"2024-08-12T07:39:08+00:00\",\"breadcrumb\":{\"@id\":\"https:\\\/\\\/menjaactuaimpacta.org\\\/es\\\/condiciones-generales-de-uso\\\/#breadcrumb\"},\"inLanguage\":\"es\",\"potentialAction\":[{\"@type\":\"ReadAction\",\"target\":[\"https:\\\/\\\/menjaactuaimpacta.org\\\/es\\\/condiciones-generales-de-uso\\\/\"]}]},{\"@type\":\"BreadcrumbList\",\"@id\":\"https:\\\/\\\/menjaactuaimpacta.org\\\/es\\\/condiciones-generales-de-uso\\\/#breadcrumb\",\"itemListElement\":[{\"@type\":\"ListItem\",\"position\":1,\"name\":\"Inici\",\"item\":\"https:\\\/\\\/menjaactuaimpacta.org\\\/es\\\/\"},{\"@type\":\"ListItem\",\"position\":2,\"name\":\"Condiciones generales de uso\"}]},{\"@type\":\"WebSite\",\"@id\":\"https:\\\/\\\/menjaactuaimpacta.org\\\/es\\\/#website\",\"url\":\"https:\\\/\\\/menjaactuaimpacta.org\\\/es\\\/\",\"name\":\"Menja Actua Impacta\",\"description\":\"\",\"publisher\":{\"@id\":\"https:\\\/\\\/menjaactuaimpacta.org\\\/es\\\/#organization\"},\"potentialAction\":[{\"@type\":\"SearchAction\",\"target\":{\"@type\":\"EntryPoint\",\"urlTemplate\":\"https:\\\/\\\/menjaactuaimpacta.org\\\/es\\\/?s={search_term_string}\"},\"query-input\":{\"@type\":\"PropertyValueSpecification\",\"valueRequired\":true,\"valueName\":\"search_term_string\"}}],\"inLanguage\":\"es\"},{\"@type\":\"Organization\",\"@id\":\"https:\\\/\\\/menjaactuaimpacta.org\\\/es\\\/#organization\",\"name\":\"Menja Actua Impacta\",\"url\":\"https:\\\/\\\/menjaactuaimpacta.org\\\/es\\\/\",\"logo\":{\"@type\":\"ImageObject\",\"inLanguage\":\"es\",\"@id\":\"https:\\\/\\\/menjaactuaimpacta.org\\\/es\\\/#\\\/schema\\\/logo\\\/image\\\/\",\"url\":\"https:\\\/\\\/menjaactuaimpacta.org\\\/wp-content\\\/uploads\\\/2024\\\/06\\\/Imagen-menja-actua-impacta.png\",\"contentUrl\":\"https:\\\/\\\/menjaactuaimpacta.org\\\/wp-content\\\/uploads\\\/2024\\\/06\\\/Imagen-menja-actua-impacta.png\",\"width\":933,\"height\":784,\"caption\":\"Menja Actua Impacta\"},\"image\":{\"@id\":\"https:\\\/\\\/menjaactuaimpacta.org\\\/es\\\/#\\\/schema\\\/logo\\\/image\\\/\"}}]}<\/script>\n<!-- \/ Yoast SEO plugin. -->","yoast_head_json":{"title":"Condiciones generales de uso - Menja Actua Impacta","robots":{"index":"index","follow":"follow","max-snippet":"max-snippet:-1","max-image-preview":"max-image-preview:large","max-video-preview":"max-video-preview:-1"},"canonical":"https:\/\/menjaactuaimpacta.org\/es\/condiciones-generales-de-uso\/","og_locale":"es_ES","og_type":"article","og_title":"Condiciones generales de uso - Menja Actua Impacta","og_description":"CONDICIONES GENERALES DE USOLas cl\u00e1usulas que a continuaci\u00f3n se relacionan regulan las condiciones de uso del Portal de Internet MENJAACTUAIMPACTA.ORG (en adelante, el Portal) de Dem\u00e0 M\u00f3n Sostenible, SL. La expresi\u00f3n \u201cusuario\u201d comprende a cualquier persona que acceda al Portal MENJAACTUAIMPACTA.ORG, ya sea directamente, o desde cualquier otro sitio de Internet. Las condiciones generales que [&hellip;]","og_url":"https:\/\/menjaactuaimpacta.org\/es\/condiciones-generales-de-uso\/","og_site_name":"Menja Actua Impacta","article_modified_time":"2024-08-12T07:39:08+00:00","twitter_card":"summary_large_image","twitter_misc":{"Tiempo de lectura":"5 minutos"},"schema":{"@context":"https:\/\/schema.org","@graph":[{"@type":"WebPage","@id":"https:\/\/menjaactuaimpacta.org\/es\/condiciones-generales-de-uso\/","url":"https:\/\/menjaactuaimpacta.org\/es\/condiciones-generales-de-uso\/","name":"Condiciones generales de uso - Menja Actua Impacta","isPartOf":{"@id":"https:\/\/menjaactuaimpacta.org\/es\/#website"},"datePublished":"2024-08-09T16:21:49+00:00","dateModified":"2024-08-12T07:39:08+00:00","breadcrumb":{"@id":"https:\/\/menjaactuaimpacta.org\/es\/condiciones-generales-de-uso\/#breadcrumb"},"inLanguage":"es","potentialAction":[{"@type":"ReadAction","target":["https:\/\/menjaactuaimpacta.org\/es\/condiciones-generales-de-uso\/"]}]},{"@type":"BreadcrumbList","@id":"https:\/\/menjaactuaimpacta.org\/es\/condiciones-generales-de-uso\/#breadcrumb","itemListElement":[{"@type":"ListItem","position":1,"name":"Inici","item":"https:\/\/menjaactuaimpacta.org\/es\/"},{"@type":"ListItem","position":2,"name":"Condiciones generales de uso"}]},{"@type":"WebSite","@id":"https:\/\/menjaactuaimpacta.org\/es\/#website","url":"https:\/\/menjaactuaimpacta.org\/es\/","name":"Menja Actua Impacta","description":"","publisher":{"@id":"https:\/\/menjaactuaimpacta.org\/es\/#organization"},"potentialAction":[{"@type":"SearchAction","target":{"@type":"EntryPoint","urlTemplate":"https:\/\/menjaactuaimpacta.org\/es\/?s={search_term_string}"},"query-input":{"@type":"PropertyValueSpecification","valueRequired":true,"valueName":"search_term_string"}}],"inLanguage":"es"},{"@type":"Organization","@id":"https:\/\/menjaactuaimpacta.org\/es\/#organization","name":"Menja Actua Impacta","url":"https:\/\/menjaactuaimpacta.org\/es\/","logo":{"@type":"ImageObject","inLanguage":"es","@id":"https:\/\/menjaactuaimpacta.org\/es\/#\/schema\/logo\/image\/","url":"https:\/\/menjaactuaimpacta.org\/wp-content\/uploads\/2024\/06\/Imagen-menja-actua-impacta.png","contentUrl":"https:\/\/menjaactuaimpacta.org\/wp-content\/uploads\/2024\/06\/Imagen-menja-actua-impacta.png","width":933,"height":784,"caption":"Menja Actua Impacta"},"image":{"@id":"https:\/\/menjaactuaimpacta.org\/es\/#\/schema\/logo\/image\/"}}]}},"_links":{"self":[{"href":"https:\/\/menjaactuaimpacta.org\/es\/wp-json\/wp\/v2\/pages\/20061","targetHints":{"allow":["GET"]}}],"collection":[{"href":"https:\/\/menjaactuaimpacta.org\/es\/wp-json\/wp\/v2\/pages"}],"about":[{"href":"https:\/\/menjaactuaimpacta.org\/es\/wp-json\/wp\/v2\/types\/page"}],"author":[{"embeddable":true,"href":"https:\/\/menjaactuaimpacta.org\/es\/wp-json\/wp\/v2\/users\/1"}],"replies":[{"embeddable":true,"href":"https:\/\/menjaactuaimpacta.org\/es\/wp-json\/wp\/v2\/comments?post=20061"}],"version-history":[{"count":6,"href":"https:\/\/menjaactuaimpacta.org\/es\/wp-json\/wp\/v2\/pages\/20061\/revisions"}],"predecessor-version":[{"id":20068,"href":"https:\/\/menjaactuaimpacta.org\/es\/wp-json\/wp\/v2\/pages\/20061\/revisions\/20068"}],"wp:attachment":[{"href":"https:\/\/menjaactuaimpacta.org\/es\/wp-json\/wp\/v2\/media?parent=20061"}],"curies":[{"name":"wp","href":"https:\/\/api.w.org\/{rel}","templated":true}]}}