{"id":19923,"date":"2024-06-26T14:18:16","date_gmt":"2024-06-26T12:18:16","guid":{"rendered":"https:\/\/new.menjaactuaimpacta.org\/la-exposicion\/reconocimientos-y-premios\/"},"modified":"2024-08-09T14:49:46","modified_gmt":"2024-08-09T12:49:46","slug":"reconocimientos-y-premios","status":"publish","type":"page","link":"https:\/\/menjaactuaimpacta.org\/es\/la-exposicion\/reconocimientos-y-premios\/","title":{"rendered":"Reconocimientos y premios"},"content":{"rendered":"<p>[et_pb_section fb_built=\u00bb1&#8243; admin_label=\u00bbSection CAP\u00c7ALERA\u00bb _builder_version=\u00bb4.25.1&#8243; _module_preset=\u00bbdefault\u00bb background_color=\u00bb#ef8259&#8243; width=\u00bb100%\u00bb max_width=\u00bb100%\u00bb locked=\u00bboff\u00bb collapsed=\u00bbon\u00bb global_colors_info=\u00bb{}\u00bb][et_pb_row column_structure=\u00bb2_5,3_5&#8243; _builder_version=\u00bb4.25.1&#8243; _module_preset=\u00bbdefault\u00bb background_enable_color=\u00bboff\u00bb width=\u00bb100%\u00bb max_width=\u00bb2560px\u00bb custom_padding=\u00bb||||false|false\u00bb collapsed=\u00bbon\u00bb global_colors_info=\u00bb{}\u00bb][et_pb_column type=\u00bb2_5&#8243; _builder_version=\u00bb4.25.1&#8243; _module_preset=\u00bbdefault\u00bb global_colors_info=\u00bb{}\u00bb][et_pb_image src=\u00bbhttps:\/\/menjaactuaimpacta.org\/wp-content\/uploads\/2024\/07\/Recurso-2-1-1.png\u00bb title_text=\u00bbRecurso-2-1-1&#8243; align=\u00bbcenter\u00bb _builder_version=\u00bb4.25.1&#8243; _module_preset=\u00bbdefault\u00bb width=\u00bb80%\u00bb animation_style=\u00bbfade\u00bb global_colors_info=\u00bb{}\u00bb][\/et_pb_image][\/et_pb_column][et_pb_column type=\u00bb3_5&#8243; _builder_version=\u00bb4.25.1&#8243; _module_preset=\u00bbdefault\u00bb global_colors_info=\u00bb{}\u00bb][et_pb_text admin_label=\u00bb-reconeixements i premis\u00bb _builder_version=\u00bb4.25.1&#8243; _module_preset=\u00bbdefault\u00bb text_font=\u00bbFormula Condensed Bold||||||||\u00bb text_text_color=\u00bb#FFFFFF\u00bb header_text_color=\u00bb#FFFFFF\u00bb header_font_size=\u00bb80px\u00bb custom_margin=\u00bb30px||||false|false\u00bb global_colors_info=\u00bb{}\u00bb]<\/p>\n<h1>RECONOCIMIENTOS Y PREMIOS<\/h1>\n<p>[\/et_pb_text][et_pb_text _builder_version=\u00bb4.25.1&#8243; _module_preset=\u00bbdefault\u00bb text_font=\u00bbRoboto|300|||||||\u00bb text_text_color=\u00bb#FFFFFF\u00bb header_font=\u00bb|300|||||||\u00bb global_colors_info=\u00bb{}\u00bb]<\/p>\n<p class=\"entry-title\"><span style=\"font-size: 16px;\">MENJA, ACT\u00daA, IMPACTA es un proyecto de \u00e9xito que impacta en la vida de las personas que nos visitan, tanto f\u00edsica como online. Adem\u00e1s, la exposici\u00f3n ha recibido varios premios y reconocimientos por parte de diversas instituciones y entidades. <br \/><\/span><\/p>\n<p><strong style=\"font-size: 150%;\">\u00a1Es emocionante que se reconozca el trabajo bien hecho! <\/strong><\/p>\n<p>[\/et_pb_text][et_pb_button button_url=\u00bb@ET-DC@eyJkeW5hbWljIjp0cnVlLCJjb250ZW50IjoicG9zdF9saW5rX3VybF9wYWdlIiwic2V0dGluZ3MiOnsicG9zdF9pZCI6IjUxMSJ9fQ==@\u00bb button_text=\u00bb\u00bfQuieres conocer la historia de la exposici\u00f3n?\u00bb _builder_version=\u00bb4.25.1&#8243; _dynamic_attributes=\u00bbbutton_url\u00bb _module_preset=\u00bbdefault\u00bb custom_button=\u00bbon\u00bb button_text_color=\u00bb#0001b4&#8243; button_bg_color=\u00bb#FFFFFF\u00bb button_border_color=\u00bb#FFFFFF\u00bb background_layout=\u00bbdark\u00bb locked=\u00bboff\u00bb global_colors_info=\u00bb{}\u00bb][\/et_pb_button][\/et_pb_column][\/et_pb_row][\/et_pb_section][et_pb_section fb_built=\u00bb1&#8243; _builder_version=\u00bb4.17.4&#8243; _module_preset=\u00bb_initial\u00bb background_color=\u00bbRGBA(255,255,255,0)\u00bb collapsed=\u00bboff\u00bb global_colors_info=\u00bb{}\u00bb][et_pb_row column_structure=\u00bb1_4,3_4&#8243; _builder_version=\u00bb4.17.4&#8243; _module_preset=\u00bbdefault\u00bb custom_margin=\u00bb30px||||false|false\u00bb collapsed=\u00bbon\u00bb global_colors_info=\u00bb{}\u00bb][et_pb_column type=\u00bb1_4&#8243; _builder_version=\u00bb4.17.4&#8243; _module_preset=\u00bbdefault\u00bb global_colors_info=\u00bb{}\u00bb][et_pb_image src=\u00bbhttps:\/\/menjaactuaimpacta.org\/wp-content\/uploads\/2024\/08\/LOGO_ESTRATEGIA_NAOS-1.jpg\u00bb alt=\u00bbLOGO_ESTRATEGIA_NAOS\u00bb title_text=\u00bbLOGO_ESTRATEGIA_NAOS\u00bb _builder_version=\u00bb4.21.0&#8243; _module_preset=\u00bbdefault\u00bb width=\u00bb90%\u00bb max_width=\u00bb90%\u00bb custom_margin=\u00bb80px|10px|||false|false\u00bb global_colors_info=\u00bb{}\u00bb][\/et_pb_image][\/et_pb_column][et_pb_column type=\u00bb3_4&#8243; _builder_version=\u00bb4.17.4&#8243; _module_preset=\u00bbdefault\u00bb global_colors_info=\u00bb{}\u00bb][et_pb_text admin_label=\u00bbPremi NAOS expo, 2023&#8243; _builder_version=\u00bb4.25.1&#8243; _module_preset=\u00bbdefault\u00bb custom_margin=\u00bb30px||||false|false\u00bb global_colors_info=\u00bb{}\u00bb]<\/p>\n<h3>Premio Estrategia NAOS<\/h3>\n<p>2023<\/p>\n<p><a href=\"https:\/\/menjaactuaimpacta.org\/\">MENJA, ACTUA, IMPACTA<\/a> ha sido gualardonada con el con el <strong>Premio Estrategia NAOS<\/strong> (Nutrici\u00f3n, Actividad F\u00edsica y prevenci\u00f3n de la Obesidad), por el Ministerio de Consumo y la Agencia Espa\u00f1ola de Seguridad Alimentaria y Nutrici\u00f3n (AESAN), reconociendo la tarea que que hacemos para promover la alimentaci\u00f3n saludable en el \u00e1mbito familiar y comunitario.<\/p>\n<p>[\/et_pb_text][et_pb_button button_url=\u00bbhttps:\/\/menjaactuaimpacta.org\/recursos\/lagencia-espanola-de-seguridad-alimentaria-y-nutricion-premia-lexposicio-menja-actua-impacta\/\u00bb button_text=\u00bbLee aqu\u00ed la noticia\u00bb _builder_version=\u00bb4.25.1&#8243; _module_preset=\u00bbeae2b7c0-89eb-4d9a-ab41-91abfc0231e6&#8243; custom_margin=\u00bb20px||||false|false\u00bb global_colors_info=\u00bb{}\u00bb][\/et_pb_button][\/et_pb_column][\/et_pb_row][et_pb_row admin_label=\u00bbRow DIVIDER\u00bb _builder_version=\u00bb4.17.4&#8243; _module_preset=\u00bbdefault\u00bb collapsed=\u00bbon\u00bb global_colors_info=\u00bb{}\u00bb][et_pb_column type=\u00bb4_4&#8243; _builder_version=\u00bb4.17.4&#8243; _module_preset=\u00bbdefault\u00bb global_colors_info=\u00bb{}\u00bb][et_pb_divider _builder_version=\u00bb4.17.4&#8243; _module_preset=\u00bbdefault\u00bb custom_margin=\u00bb20px||||false|false\u00bb global_colors_info=\u00bb{}\u00bb][\/et_pb_divider][\/et_pb_column][\/et_pb_row][et_pb_row column_structure=\u00bb1_4,3_4&#8243; _builder_version=\u00bb4.17.4&#8243; _module_preset=\u00bbdefault\u00bb custom_margin=\u00bb30px||||false|false\u00bb collapsed=\u00bbon\u00bb global_colors_info=\u00bb{}\u00bb][et_pb_column type=\u00bb1_4&#8243; _builder_version=\u00bb4.17.4&#8243; _module_preset=\u00bbdefault\u00bb global_colors_info=\u00bb{}\u00bb][et_pb_image src=\u00bbhttps:\/\/menjaactuaimpacta.org\/wp-content\/uploads\/2024\/08\/premis-ccniec-logo.jpg\u00bb alt=\u00bbpremios ccniec logo\u00bb title_text=\u00bbpremios ccniec logo\u00bb _builder_version=\u00bb4.19.0&#8243; _module_preset=\u00bbdefault\u00bb width=\u00bb90%\u00bb max_width=\u00bb90%\u00bb custom_margin=\u00bb80px|10px|||false|false\u00bb global_colors_info=\u00bb{}\u00bb][\/et_pb_image][\/et_pb_column][et_pb_column type=\u00bb3_4&#8243; _builder_version=\u00bb4.17.4&#8243; _module_preset=\u00bbdefault\u00bb global_colors_info=\u00bb{}\u00bb][et_pb_text admin_label=\u00bbPremi CCNIEC, 2023&#8243; _builder_version=\u00bb4.25.1&#8243; _module_preset=\u00bbdefault\u00bb custom_margin=\u00bb30px||||false|false\u00bb global_colors_info=\u00bb{}\u00bb]<\/p>\n<h3>Premio CCNIEC del Institut d&#8217;Estudis Catalans<\/h3>\n<p>2023<\/p>\n<p><a href=\"https:\/\/menjaactuaimpacta.org\/\">MENJA, ACTUA, IMPACTA<\/a> ha sido reconocida con el Premio CCNIEC a la <strong>mejor iniciativa de la industria alimentaria<\/strong> en el campo de la mejora de la alimentaci\u00f3n de la poblaci\u00f3n o la educaci\u00f3n alimentaria. El premio fue otorgado el 27 de enero de 2023 por el Institut d&#8217;Estudis Catalans.<\/p>\n<p>[\/et_pb_text][et_pb_button button_url=\u00bbhttps:\/\/fundesplai.org\/informa-t\/actualitat\/l-institut-d-estudis-catalans-premia-l-exposicio-menja-actua-impacta\/\u00bb button_text=\u00bbLee aqu\u00ed la noticia\u00bb _builder_version=\u00bb4.25.1&#8243; _module_preset=\u00bbeae2b7c0-89eb-4d9a-ab41-91abfc0231e6&#8243; custom_margin=\u00bb20px||||false|false\u00bb global_colors_info=\u00bb{}\u00bb][\/et_pb_button][\/et_pb_column][\/et_pb_row][et_pb_row admin_label=\u00bbRow DIVIDER\u00bb _builder_version=\u00bb4.17.4&#8243; _module_preset=\u00bbdefault\u00bb collapsed=\u00bbon\u00bb global_colors_info=\u00bb{}\u00bb][et_pb_column type=\u00bb4_4&#8243; _builder_version=\u00bb4.17.4&#8243; _module_preset=\u00bbdefault\u00bb global_colors_info=\u00bb{}\u00bb][et_pb_divider _builder_version=\u00bb4.17.4&#8243; _module_preset=\u00bbdefault\u00bb custom_margin=\u00bb20px||||false|false\u00bb global_colors_info=\u00bb{}\u00bb][\/et_pb_divider][\/et_pb_column][\/et_pb_row][et_pb_row column_structure=\u00bb1_4,3_4&#8243; _builder_version=\u00bb4.17.4&#8243; _module_preset=\u00bbdefault\u00bb custom_margin=\u00bb30px||||false|false\u00bb collapsed=\u00bboff\u00bb global_colors_info=\u00bb{}\u00bb][et_pb_column type=\u00bb1_4&#8243; _builder_version=\u00bb4.17.4&#8243; _module_preset=\u00bbdefault\u00bb global_colors_info=\u00bb{}\u00bb][et_pb_image src=\u00bbhttps:\/\/menjaactuaimpacta.org\/wp-content\/uploads\/2024\/08\/PAAS_logo-generalitat.jpg\u00bb alt=\u00bbPAAS_logo generalidad\u00bb title_text=\u00bbPAAS_logo generalidad\u00bb _builder_version=\u00bb4.19.0&#8243; _module_preset=\u00bbdefault\u00bb width=\u00bb90%\u00bb max_width=\u00bb90%\u00bb custom_margin=\u00bb80px|10px|||false|false\u00bb global_colors_info=\u00bb{}\u00bb][\/et_pb_image][\/et_pb_column][et_pb_column type=\u00bb3_4&#8243; _builder_version=\u00bb4.17.4&#8243; _module_preset=\u00bbdefault\u00bb global_colors_info=\u00bb{}\u00bb][et_pb_text admin_label=\u00bbPremi PAAS expo, 2022&#8243; _builder_version=\u00bb4.25.1&#8243; _module_preset=\u00bbdefault\u00bb custom_margin=\u00bb30px||||false|false\u00bb global_colors_info=\u00bb{}\u00bb]<\/p>\n<h3>Premio PAAS de la Generalitat<\/h3>\n<p>2022<\/p>\n<p><a href=\"https:\/\/menjaactuaimpacta.org\/\">MENJA, ACTUA, IMPACTA<\/a> ha sido reconocida con el <strong>Premio PAAS<\/strong> de la Generalidad de Catalu\u00f1a que reconoce los proyectos que trabajan por el Plan integral para la promoci\u00f3n de la salud mediante la actividad f\u00edsica y la alimentaci\u00f3n saludable. Hemos recibido el primer premio de la categor\u00eda Promoci\u00f3n de la Salud y la Alimentaci\u00f3n Saludable en el \u00c1mbito Comunitario. <\/p>\n<p>[\/et_pb_text][et_pb_button button_url=\u00bbhttps:\/\/fundesplai.org\/informa-t\/actualitat\/l-exposicio-menja-actua-impacta-guardonada-a-la-xv-jornada-paas\/\u00bb button_text=\u00bbLee aqu\u00ed la noticia\u00bb _builder_version=\u00bb4.25.1&#8243; _module_preset=\u00bbeae2b7c0-89eb-4d9a-ab41-91abfc0231e6&#8243; custom_margin=\u00bb20px||||false|false\u00bb global_colors_info=\u00bb{}\u00bb][\/et_pb_button][\/et_pb_column][\/et_pb_row][et_pb_row admin_label=\u00bbRow DIVIDER\u00bb _builder_version=\u00bb4.17.4&#8243; _module_preset=\u00bbdefault\u00bb collapsed=\u00bbon\u00bb global_colors_info=\u00bb{}\u00bb][et_pb_column type=\u00bb4_4&#8243; _builder_version=\u00bb4.17.4&#8243; _module_preset=\u00bbdefault\u00bb global_colors_info=\u00bb{}\u00bb][et_pb_divider _builder_version=\u00bb4.17.4&#8243; _module_preset=\u00bbdefault\u00bb custom_margin=\u00bb20px||||false|false\u00bb global_colors_info=\u00bb{}\u00bb][\/et_pb_divider][\/et_pb_column][\/et_pb_row][et_pb_row column_structure=\u00bb1_4,3_4&#8243; _builder_version=\u00bb4.17.4&#8243; _module_preset=\u00bbdefault\u00bb custom_margin=\u00bb30px||||false|false\u00bb collapsed=\u00bboff\u00bb global_colors_info=\u00bb{}\u00bb][et_pb_column type=\u00bb1_4&#8243; _builder_version=\u00bb4.17.4&#8243; _module_preset=\u00bbdefault\u00bb global_colors_info=\u00bb{}\u00bb][et_pb_image src=\u00bbhttps:\/\/menjaactuaimpacta.org\/wp-content\/uploads\/2024\/08\/slow-food-bcn.jpg\u00bb alt=\u00bbslow-food-bcn logo\u00bb title_text=\u00bbslow-food-bcn logo\u00bb _builder_version=\u00bb4.21.0&#8243; _module_preset=\u00bbdefault\u00bb width=\u00bb100%\u00bb max_width=\u00bb100%\u00bb custom_margin=\u00bb80px|10px|||false|false\u00bb global_colors_info=\u00bb{}\u00bb][\/et_pb_image][\/et_pb_column][et_pb_column type=\u00bb3_4&#8243; _builder_version=\u00bb4.17.4&#8243; _module_preset=\u00bbdefault\u00bb global_colors_info=\u00bb{}\u00bb][et_pb_text admin_label=\u00bbPremi SLOW FOOD per la expo, 2022&#8243; _builder_version=\u00bb4.25.1&#8243; _module_preset=\u00bbdefault\u00bb custom_margin=\u00bb30px||||false|false\u00bb global_colors_info=\u00bb{}\u00bb]<\/p>\n<h3>Premio SLOW FOOD BARCELONA<\/h3>\n<p>2022<\/p>\n<p><a href=\"https:\/\/menjaactuaimpacta.org\/\">MENJA, ACTUA, IMPACTA<\/a> ha sido reconocida con el Premio Responsabilidad Gastron\u00f3mica de los <a href=\"https:\/\/slowfood.barcelona\/\">Premios Slow Food Barcelona<\/a> . El galard\u00f3n se entreg\u00f3 el viernes 23 de septiembre de 2022 en el marco de la feria Terra i Gust, celebrada durante las fiestas de la Merc\u00e8 de Barcelona. <\/p>\n<p>[\/et_pb_text][et_pb_button button_url=\u00bbhttps:\/\/fundesplai.org\/informa-t\/actualitat\/l-exposicio-menja-actua-impacta-guardonada-als-premis-slow-food-barcelona\/\u00bb button_text=\u00bbLee aqu\u00ed la noticia\u00bb _builder_version=\u00bb4.25.1&#8243; _module_preset=\u00bbeae2b7c0-89eb-4d9a-ab41-91abfc0231e6&#8243; custom_margin=\u00bb20px||||false|false\u00bb global_colors_info=\u00bb{}\u00bb][\/et_pb_button][\/et_pb_column][\/et_pb_row][et_pb_row admin_label=\u00bbRow DIVIDER\u00bb _builder_version=\u00bb4.17.4&#8243; _module_preset=\u00bbdefault\u00bb collapsed=\u00bbon\u00bb global_colors_info=\u00bb{}\u00bb][et_pb_column type=\u00bb4_4&#8243; _builder_version=\u00bb4.17.4&#8243; _module_preset=\u00bbdefault\u00bb global_colors_info=\u00bb{}\u00bb][et_pb_divider _builder_version=\u00bb4.17.4&#8243; _module_preset=\u00bbdefault\u00bb custom_margin=\u00bb20px||||false|false\u00bb global_colors_info=\u00bb{}\u00bb][\/et_pb_divider][\/et_pb_column][\/et_pb_row][et_pb_row column_structure=\u00bb1_4,3_4&#8243; _builder_version=\u00bb4.17.4&#8243; _module_preset=\u00bbdefault\u00bb custom_margin=\u00bb30px||||false|false\u00bb collapsed=\u00bboff\u00bb global_colors_info=\u00bb{}\u00bb][et_pb_column type=\u00bb1_4&#8243; _builder_version=\u00bb4.17.4&#8243; _module_preset=\u00bbdefault\u00bb global_colors_info=\u00bb{}\u00bb][et_pb_image src=\u00bbhttps:\/\/menjaactuaimpacta.org\/wp-content\/uploads\/2023\/11\/MILLOR-ESCAPE-ORIGINAL-3.png\u00bb alt=\u00bbslow-food-bcn logo\u00bb title_text=\u00bbMEJOR ESCAPE ORIGINAL (3)\u00bb _builder_version=\u00bb4.25.1&#8243; _module_preset=\u00bbdefault\u00bb width=\u00bb100%\u00bb max_width=\u00bb100%\u00bb custom_margin=\u00bb80px|10px|||false|false\u00bb global_colors_info=\u00bb{}\u00bb][\/et_pb_image][\/et_pb_column][et_pb_column type=\u00bb3_4&#8243; _builder_version=\u00bb4.17.4&#8243; _module_preset=\u00bbdefault\u00bb global_colors_info=\u00bb{}\u00bb][et_pb_text admin_label=\u00bbESCAPE FOOD 2050, 2022&#8243; _builder_version=\u00bb4.25.1&#8243; _module_preset=\u00bbdefault\u00bb custom_margin=\u00bb30px||||false|false\u00bb global_colors_info=\u00bb{}\u00bb]<\/p>\n<h3>Escape Food 2025 nominada a MEJOR ESCAPE ROOM ORIGINAL<\/h3>\n<p>2022<\/p>\n<p><a href=\"https:\/\/escapefood.com\/\">ESCAPE FOOD 2050<\/a> , nuestra escape room en El Prat del Llobregat vinculada a MENJA, ACTUA, IMPACTA ha sido nominada a la <strong>mejor escape room del pa\u00eds<\/strong> en 2022.<\/p>\n<p>[\/et_pb_text][et_pb_button button_url=\u00bbhttps:\/\/escapefood.com\/\u00bb button_text=\u00bbDescubre el Escape Food 2050&#8243; _builder_version=\u00bb4.25.1&#8243; _module_preset=\u00bbeae2b7c0-89eb-4d9a-ab41-91abfc0231e6&#8243; custom_margin=\u00bb20px||||false|false\u00bb global_colors_info=\u00bb{}\u00bb][\/et_pb_button][\/et_pb_column][\/et_pb_row][\/et_pb_section]<\/p>\n","protected":false},"excerpt":{"rendered":"<p>RECONOCIMIENTOS Y PREMIOSMENJA, ACT\u00daA, IMPACTA es un proyecto de \u00e9xito que impacta en la vida de las personas que nos visitan, tanto f\u00edsica como online. Adem\u00e1s, la exposici\u00f3n ha recibido varios premios y reconocimientos por parte de diversas instituciones y entidades. \u00a1Es emocionante que se reconozca el trabajo bien hecho! Premio Estrategia NAOS 2023 MENJA, [&hellip;]<\/p>\n","protected":false},"author":4,"featured_media":0,"parent":19869,"menu_order":0,"comment_status":"closed","ping_status":"closed","template":"","meta":{"_et_pb_use_builder":"on","_et_pb_old_content":"","_et_gb_content_width":"","footnotes":""},"class_list":["post-19923","page","type-page","status-publish","hentry"],"yoast_head":"<!-- This site is optimized with the Yoast SEO plugin v27.4 - https:\/\/yoast.com\/product\/yoast-seo-wordpress\/ -->\n<title>Reconocimientos y premios - Menja Actua Impacta<\/title>\n<meta name=\"robots\" content=\"index, follow, max-snippet:-1, max-image-preview:large, max-video-preview:-1\" \/>\n<link rel=\"canonical\" href=\"https:\/\/menjaactuaimpacta.org\/es\/la-exposicion\/reconocimientos-y-premios\/\" \/>\n<meta property=\"og:locale\" content=\"es_ES\" \/>\n<meta property=\"og:type\" content=\"article\" \/>\n<meta property=\"og:title\" content=\"Reconocimientos y premios - Menja Actua Impacta\" \/>\n<meta property=\"og:description\" content=\"RECONOCIMIENTOS Y PREMIOSMENJA, ACT\u00daA, IMPACTA es un proyecto de \u00e9xito que impacta en la vida de las personas que nos visitan, tanto f\u00edsica como online. Adem\u00e1s, la exposici\u00f3n ha recibido varios premios y reconocimientos por parte de diversas instituciones y entidades. \u00a1Es emocionante que se reconozca el trabajo bien hecho! Premio Estrategia NAOS 2023 MENJA, [&hellip;]\" \/>\n<meta property=\"og:url\" content=\"https:\/\/menjaactuaimpacta.org\/es\/la-exposicion\/reconocimientos-y-premios\/\" \/>\n<meta property=\"og:site_name\" content=\"Menja Actua Impacta\" \/>\n<meta property=\"article:modified_time\" content=\"2024-08-09T12:49:46+00:00\" \/>\n<meta name=\"twitter:card\" content=\"summary_large_image\" \/>\n<meta name=\"twitter:label1\" content=\"Tiempo de lectura\" \/>\n\t<meta name=\"twitter:data1\" content=\"8 minutos\" \/>\n<script type=\"application\/ld+json\" class=\"yoast-schema-graph\">{\"@context\":\"https:\\\/\\\/schema.org\",\"@graph\":[{\"@type\":\"WebPage\",\"@id\":\"https:\\\/\\\/menjaactuaimpacta.org\\\/es\\\/la-exposicion\\\/reconocimientos-y-premios\\\/\",\"url\":\"https:\\\/\\\/menjaactuaimpacta.org\\\/es\\\/la-exposicion\\\/reconocimientos-y-premios\\\/\",\"name\":\"Reconocimientos y premios - Menja Actua Impacta\",\"isPartOf\":{\"@id\":\"https:\\\/\\\/menjaactuaimpacta.org\\\/es\\\/#website\"},\"datePublished\":\"2024-06-26T12:18:16+00:00\",\"dateModified\":\"2024-08-09T12:49:46+00:00\",\"breadcrumb\":{\"@id\":\"https:\\\/\\\/menjaactuaimpacta.org\\\/es\\\/la-exposicion\\\/reconocimientos-y-premios\\\/#breadcrumb\"},\"inLanguage\":\"es\",\"potentialAction\":[{\"@type\":\"ReadAction\",\"target\":[\"https:\\\/\\\/menjaactuaimpacta.org\\\/es\\\/la-exposicion\\\/reconocimientos-y-premios\\\/\"]}]},{\"@type\":\"BreadcrumbList\",\"@id\":\"https:\\\/\\\/menjaactuaimpacta.org\\\/es\\\/la-exposicion\\\/reconocimientos-y-premios\\\/#breadcrumb\",\"itemListElement\":[{\"@type\":\"ListItem\",\"position\":1,\"name\":\"Inici\",\"item\":\"https:\\\/\\\/menjaactuaimpacta.org\\\/es\\\/\"},{\"@type\":\"ListItem\",\"position\":2,\"name\":\"La exposici\u00f3n\",\"item\":\"https:\\\/\\\/menjaactuaimpacta.org\\\/es\\\/exposicio\\\/\"},{\"@type\":\"ListItem\",\"position\":3,\"name\":\"Reconocimientos y premios\"}]},{\"@type\":\"WebSite\",\"@id\":\"https:\\\/\\\/menjaactuaimpacta.org\\\/es\\\/#website\",\"url\":\"https:\\\/\\\/menjaactuaimpacta.org\\\/es\\\/\",\"name\":\"Menja Actua Impacta\",\"description\":\"\",\"publisher\":{\"@id\":\"https:\\\/\\\/menjaactuaimpacta.org\\\/es\\\/#organization\"},\"potentialAction\":[{\"@type\":\"SearchAction\",\"target\":{\"@type\":\"EntryPoint\",\"urlTemplate\":\"https:\\\/\\\/menjaactuaimpacta.org\\\/es\\\/?s={search_term_string}\"},\"query-input\":{\"@type\":\"PropertyValueSpecification\",\"valueRequired\":true,\"valueName\":\"search_term_string\"}}],\"inLanguage\":\"es\"},{\"@type\":\"Organization\",\"@id\":\"https:\\\/\\\/menjaactuaimpacta.org\\\/es\\\/#organization\",\"name\":\"Menja Actua Impacta\",\"url\":\"https:\\\/\\\/menjaactuaimpacta.org\\\/es\\\/\",\"logo\":{\"@type\":\"ImageObject\",\"inLanguage\":\"es\",\"@id\":\"https:\\\/\\\/menjaactuaimpacta.org\\\/es\\\/#\\\/schema\\\/logo\\\/image\\\/\",\"url\":\"https:\\\/\\\/menjaactuaimpacta.org\\\/wp-content\\\/uploads\\\/2024\\\/06\\\/Imagen-menja-actua-impacta.png\",\"contentUrl\":\"https:\\\/\\\/menjaactuaimpacta.org\\\/wp-content\\\/uploads\\\/2024\\\/06\\\/Imagen-menja-actua-impacta.png\",\"width\":933,\"height\":784,\"caption\":\"Menja Actua Impacta\"},\"image\":{\"@id\":\"https:\\\/\\\/menjaactuaimpacta.org\\\/es\\\/#\\\/schema\\\/logo\\\/image\\\/\"}}]}<\/script>\n<!-- \/ Yoast SEO plugin. -->","yoast_head_json":{"title":"Reconocimientos y premios - Menja Actua Impacta","robots":{"index":"index","follow":"follow","max-snippet":"max-snippet:-1","max-image-preview":"max-image-preview:large","max-video-preview":"max-video-preview:-1"},"canonical":"https:\/\/menjaactuaimpacta.org\/es\/la-exposicion\/reconocimientos-y-premios\/","og_locale":"es_ES","og_type":"article","og_title":"Reconocimientos y premios - Menja Actua Impacta","og_description":"RECONOCIMIENTOS Y PREMIOSMENJA, ACT\u00daA, IMPACTA es un proyecto de \u00e9xito que impacta en la vida de las personas que nos visitan, tanto f\u00edsica como online. Adem\u00e1s, la exposici\u00f3n ha recibido varios premios y reconocimientos por parte de diversas instituciones y entidades. \u00a1Es emocionante que se reconozca el trabajo bien hecho! Premio Estrategia NAOS 2023 MENJA, [&hellip;]","og_url":"https:\/\/menjaactuaimpacta.org\/es\/la-exposicion\/reconocimientos-y-premios\/","og_site_name":"Menja Actua Impacta","article_modified_time":"2024-08-09T12:49:46+00:00","twitter_card":"summary_large_image","twitter_misc":{"Tiempo de lectura":"8 minutos"},"schema":{"@context":"https:\/\/schema.org","@graph":[{"@type":"WebPage","@id":"https:\/\/menjaactuaimpacta.org\/es\/la-exposicion\/reconocimientos-y-premios\/","url":"https:\/\/menjaactuaimpacta.org\/es\/la-exposicion\/reconocimientos-y-premios\/","name":"Reconocimientos y premios - Menja Actua Impacta","isPartOf":{"@id":"https:\/\/menjaactuaimpacta.org\/es\/#website"},"datePublished":"2024-06-26T12:18:16+00:00","dateModified":"2024-08-09T12:49:46+00:00","breadcrumb":{"@id":"https:\/\/menjaactuaimpacta.org\/es\/la-exposicion\/reconocimientos-y-premios\/#breadcrumb"},"inLanguage":"es","potentialAction":[{"@type":"ReadAction","target":["https:\/\/menjaactuaimpacta.org\/es\/la-exposicion\/reconocimientos-y-premios\/"]}]},{"@type":"BreadcrumbList","@id":"https:\/\/menjaactuaimpacta.org\/es\/la-exposicion\/reconocimientos-y-premios\/#breadcrumb","itemListElement":[{"@type":"ListItem","position":1,"name":"Inici","item":"https:\/\/menjaactuaimpacta.org\/es\/"},{"@type":"ListItem","position":2,"name":"La exposici\u00f3n","item":"https:\/\/menjaactuaimpacta.org\/es\/exposicio\/"},{"@type":"ListItem","position":3,"name":"Reconocimientos y premios"}]},{"@type":"WebSite","@id":"https:\/\/menjaactuaimpacta.org\/es\/#website","url":"https:\/\/menjaactuaimpacta.org\/es\/","name":"Menja Actua Impacta","description":"","publisher":{"@id":"https:\/\/menjaactuaimpacta.org\/es\/#organization"},"potentialAction":[{"@type":"SearchAction","target":{"@type":"EntryPoint","urlTemplate":"https:\/\/menjaactuaimpacta.org\/es\/?s={search_term_string}"},"query-input":{"@type":"PropertyValueSpecification","valueRequired":true,"valueName":"search_term_string"}}],"inLanguage":"es"},{"@type":"Organization","@id":"https:\/\/menjaactuaimpacta.org\/es\/#organization","name":"Menja Actua Impacta","url":"https:\/\/menjaactuaimpacta.org\/es\/","logo":{"@type":"ImageObject","inLanguage":"es","@id":"https:\/\/menjaactuaimpacta.org\/es\/#\/schema\/logo\/image\/","url":"https:\/\/menjaactuaimpacta.org\/wp-content\/uploads\/2024\/06\/Imagen-menja-actua-impacta.png","contentUrl":"https:\/\/menjaactuaimpacta.org\/wp-content\/uploads\/2024\/06\/Imagen-menja-actua-impacta.png","width":933,"height":784,"caption":"Menja Actua Impacta"},"image":{"@id":"https:\/\/menjaactuaimpacta.org\/es\/#\/schema\/logo\/image\/"}}]}},"_links":{"self":[{"href":"https:\/\/menjaactuaimpacta.org\/es\/wp-json\/wp\/v2\/pages\/19923","targetHints":{"allow":["GET"]}}],"collection":[{"href":"https:\/\/menjaactuaimpacta.org\/es\/wp-json\/wp\/v2\/pages"}],"about":[{"href":"https:\/\/menjaactuaimpacta.org\/es\/wp-json\/wp\/v2\/types\/page"}],"author":[{"embeddable":true,"href":"https:\/\/menjaactuaimpacta.org\/es\/wp-json\/wp\/v2\/users\/4"}],"replies":[{"embeddable":true,"href":"https:\/\/menjaactuaimpacta.org\/es\/wp-json\/wp\/v2\/comments?post=19923"}],"version-history":[{"count":10,"href":"https:\/\/menjaactuaimpacta.org\/es\/wp-json\/wp\/v2\/pages\/19923\/revisions"}],"predecessor-version":[{"id":19945,"href":"https:\/\/menjaactuaimpacta.org\/es\/wp-json\/wp\/v2\/pages\/19923\/revisions\/19945"}],"up":[{"embeddable":true,"href":"https:\/\/menjaactuaimpacta.org\/es\/wp-json\/wp\/v2\/pages\/19869"}],"wp:attachment":[{"href":"https:\/\/menjaactuaimpacta.org\/es\/wp-json\/wp\/v2\/media?parent=19923"}],"curies":[{"name":"wp","href":"https:\/\/api.w.org\/{rel}","templated":true}]}}