{"id":19913,"date":"2024-07-08T10:32:17","date_gmt":"2024-07-08T08:32:17","guid":{"rendered":"https:\/\/new.menjaactuaimpacta.org\/la-exposicion\/nuevo-espacio-expositivo-en-centre-esplai\/"},"modified":"2024-08-09T14:39:37","modified_gmt":"2024-08-09T12:39:37","slug":"nuevo-espacio-expositivo-en-centre-esplai","status":"publish","type":"page","link":"https:\/\/menjaactuaimpacta.org\/es\/la-exposicion\/nuevo-espacio-expositivo-en-centre-esplai\/","title":{"rendered":"Nuevo espacio expositivo en Centre Esplai"},"content":{"rendered":"<p>[et_pb_section fb_built=\u00bb1&#8243; _builder_version=\u00bb4.25.1&#8243; _module_preset=\u00bbdefault\u00bb background_color=\u00bb#0001B4&#8243; locked=\u00bboff\u00bb collapsed=\u00bboff\u00bb global_colors_info=\u00bb{}\u00bb][et_pb_row column_structure=\u00bb1_2,1_2&#8243; _builder_version=\u00bb4.25.1&#8243; _module_preset=\u00bbdefault\u00bb width=\u00bb100%\u00bb max_width=\u00bb1597px\u00bb collapsed=\u00bboff\u00bb global_colors_info=\u00bb{}\u00bb][et_pb_column type=\u00bb1_2&#8243; _builder_version=\u00bb4.25.1&#8243; _module_preset=\u00bbdefault\u00bb global_colors_info=\u00bb{}\u00bb][et_pb_image src=\u00bbhttps:\/\/menjaactuaimpacta.org\/wp-content\/uploads\/2024\/08\/Fotos-nou-web-MAI11.jpg\u00bb alt=\u00bbnuevo espacio expositivo Centre Esplai MENJA, ACTUA, IMPACTA\u00bb title_text=\u00bbnuevo espacio expositivo Centre Esplai MENJA, ACTUA, IMPACTA\u00bb _builder_version=\u00bb4.25.1&#8243; _module_preset=\u00bbdefault\u00bb global_colors_info=\u00bb{}\u00bb][\/et_pb_image][\/et_pb_column][et_pb_column type=\u00bb1_2&#8243; _builder_version=\u00bb4.25.1&#8243; _module_preset=\u00bbdefault\u00bb global_colors_info=\u00bb{}\u00bb][et_pb_text admin_label=\u00bbNou espai expositiu\u00bb _builder_version=\u00bb4.25.1&#8243; _module_preset=\u00bbdefault\u00bb text_font=\u00bbFormula Condensed Bold||||||||\u00bb text_text_color=\u00bb#FFFFFF\u00bb header_text_color=\u00bb#FFFFFF\u00bb header_font_size=\u00bb80px\u00bb custom_margin=\u00bb30px||||false|false\u00bb global_colors_info=\u00bb{}\u00bb]<\/p>\n<h1 class=\"has-white-color has-text-color wp-block-heading\">NUEVO ESPACIO EXPOSITIVO EN CENTRE ESPLAI<\/h1>\n<p>[\/et_pb_text][et_pb_text _builder_version=\u00bb4.25.1&#8243; _module_preset=\u00bbdefault\u00bb text_font=\u00bbRoboto|300|||||||\u00bb text_text_color=\u00bb#FFFFFF\u00bb header_font=\u00bb|300|||||||\u00bb global_colors_info=\u00bb{}\u00bb]<\/p>\n<p><strong>\u00a1NOVEDAD 2024!<\/strong> \u00a1El espacio expositivo de Centre Esplai , en El Prat de Llobregat, se reinventa! M\u00e1s inmersivo, m\u00e1s gamificado, especialmente dise\u00f1ado para grupos&#8230; <strong><br \/><\/strong><\/p>\n<p><strong style=\"font-size: 150%;\">Nuevo espacio especial para grupos<br \/><\/strong><\/p>\n<p>[\/et_pb_text][et_pb_button button_url=\u00bbhttps:\/\/menjaactuaimpacta.org\/contacte\/\u00bb button_text=\u00bbContacta para realizar una visita en grupo\u00bb _builder_version=\u00bb4.25.1&#8243; _module_preset=\u00bbdefault\u00bb custom_button=\u00bbon\u00bb button_text_color=\u00bb#0001b4&#8243; button_bg_color=\u00bb#FFFFFF\u00bb button_border_color=\u00bb#FFFFFF\u00bb background_layout=\u00bbdark\u00bb global_colors_info=\u00bb{}\u00bb][\/et_pb_button][\/et_pb_column][\/et_pb_row][\/et_pb_section][et_pb_section fb_built=\u00bb1&#8243; admin_label=\u00bbSection CONSERVANT L&#8217;ESS\u00c8NCIA\u00bb _builder_version=\u00bb4.25.1&#8243; _module_preset=\u00bbdefault\u00bb background_color=\u00bb#fdb900&#8243; locked=\u00bboff\u00bb collapsed=\u00bboff\u00bb global_colors_info=\u00bb{}\u00bb][et_pb_row column_structure=\u00bb1_2,1_2&#8243; _builder_version=\u00bb4.25.1&#8243; _module_preset=\u00bbdefault\u00bb width=\u00bb100%\u00bb max_width=\u00bb1597px\u00bb collapsed=\u00bboff\u00bb global_colors_info=\u00bb{}\u00bb][et_pb_column type=\u00bb1_2&#8243; _builder_version=\u00bb4.25.1&#8243; _module_preset=\u00bbdefault\u00bb global_colors_info=\u00bb{}\u00bb][et_pb_text _builder_version=\u00bb4.25.1&#8243; _module_preset=\u00bbdefault\u00bb text_font=\u00bbRoboto|300|||||||\u00bb text_text_color=\u00bb#FFFFFF\u00bb text_font_size=\u00bb24px\u00bb header_font=\u00bb|300|||||||\u00bb global_colors_info=\u00bb{}\u00bb]<\/p>\n<p class=\"upperSectionSubtitle has-white-color has-text-color\"><strong>Conservando la esencia<br \/><\/strong><\/p>\n<p>[\/et_pb_text][et_pb_text _builder_version=\u00bb4.25.1&#8243; _module_preset=\u00bbdefault\u00bb text_font=\u00bbFormula Condensed Bold||||||||\u00bb text_text_color=\u00bb#FFFFFF\u00bb text_font_size=\u00bb71px\u00bb header_font_size=\u00bb79px\u00bb background_layout=\u00bbdark\u00bb custom_margin=\u00bb||||false|false\u00bb global_colors_info=\u00bb{}\u00bb]<\/p>\n<h2 class=\"has-white-color has-text-color wp-block-heading\">EXPOSICI\u00d3N GAMIFICADA<\/h2>\n<p>[\/et_pb_text][et_pb_text _builder_version=\u00bb4.25.1&#8243; _module_preset=\u00bbdefault\u00bb text_font=\u00bbRoboto|300|||||||\u00bb text_text_color=\u00bb#FFFFFF\u00bb header_font=\u00bb|300|||||||\u00bb global_colors_info=\u00bb{}\u00bb]<\/p>\n<p>Conservamos la narrativa y la esencia y reinventamos el espacio expositivo para que sea m\u00e1s manipulativo y l\u00fadico. Puede visitarse como complemento de una actividad grupal. <\/p>\n<p>Exclusivamente <strong>reservado para grupos escolares, entidades o empresas<\/strong> , es un espacio de descubrimiento para conseguir un sistema alimentario m\u00e1s justo, sostenible y saludable.<\/p>\n<p>&nbsp;<\/p>\n<p>[\/et_pb_text][et_pb_button button_url=\u00bbhttps:\/\/menjaactuaimpacta.org\/contacte\/\u00bb button_text=\u00bbContacta para realizar una visita en grupo\u00bb _builder_version=\u00bb4.25.1&#8243; _module_preset=\u00bbdefault\u00bb custom_button=\u00bbon\u00bb button_text_color=\u00bb#0001b4&#8243; button_bg_color=\u00bb#FFFFFF\u00bb button_border_color=\u00bb#FFFFFF\u00bb background_layout=\u00bbdark\u00bb global_colors_info=\u00bb{}\u00bb][\/et_pb_button][\/et_pb_column][et_pb_column type=\u00bb1_2&#8243; _builder_version=\u00bb4.25.1&#8243; _module_preset=\u00bbdefault\u00bb global_colors_info=\u00bb{}\u00bb][et_pb_image src=\u00bbhttps:\/\/menjaactuaimpacta.org\/wp-content\/uploads\/2024\/08\/Fotos-nou-web-MAI9.jpg\u00bb alt=\u00bbActividades escolares nuevo espacio MENJA ACTUA IMPACTA\u00bb title_text=\u00bbActividades escolares nuevo espacio MENJA ACTUA IMPACTA\u00bb _builder_version=\u00bb4.25.1&#8243; _module_preset=\u00bbdefault\u00bb global_colors_info=\u00bb{}\u00bb][\/et_pb_image][\/et_pb_column][\/et_pb_row][\/et_pb_section][et_pb_section fb_built=\u00bb1&#8243; admin_label=\u00bbSection COM VISITAR? \u00bb _builder_version=\u00bb4.25.1&#8243; _module_preset=\u00bbdefault\u00bb background_color=\u00bb#FFFFFF\u00bb locked=\u00bboff\u00bb collapsed=\u00bboff\u00bb global_colors_info=\u00bb{}\u00bb][et_pb_row _builder_version=\u00bb4.25.1&#8243; _module_preset=\u00bbdefault\u00bb background_enable_color=\u00bboff\u00bb width=\u00bb100%\u00bb max_width=\u00bb2560px\u00bb custom_padding=\u00bb50px||50px||false|false\u00bb locked=\u00bboff\u00bb collapsed=\u00bboff\u00bb global_colors_info=\u00bb{}\u00bb][et_pb_column type=\u00bb4_4&#8243; _builder_version=\u00bb4.25.1&#8243; _module_preset=\u00bbdefault\u00bb global_colors_info=\u00bb{}\u00bb][et_pb_text admin_label=\u00bbcom visitar t\u00edtol\u00bb _builder_version=\u00bb4.25.1&#8243; _module_preset=\u00bbdefault\u00bb text_text_color=\u00bb#0001B4&#8243; header_font_size=\u00bb50px\u00bb header_2_text_color=\u00bb#0001B4&#8243; header_3_text_color=\u00bb#0001B4&#8243; locked=\u00bboff\u00bb global_colors_info=\u00bb{}\u00bb]<\/p>\n<h2 class=\"cvGsUA direction-ltr align-start para-style-body\" style=\"text-align: center;\"><span class=\"OYPEnA font-feature-liga-off font-feature-clig-off font-feature-calt-off text-decoration-none text-strikethrough-none\">\u00bfC\u00d3MO VISITAR EL NUEVO ESPACIO EXPOSITIVO?<br \/><\/span><\/h2>\n<p>[\/et_pb_text][et_pb_text _builder_version=\u00bb4.25.1&#8243; _module_preset=\u00bb_initial\u00bb global_colors_info=\u00bb{}\u00bb]<\/p>\n<p style=\"text-align: center;\">El nuevo espacio expositivo de la exposici\u00f3n MENJA, ACTUA, IMPACTA en Centre Esplai <strong>se puede visitar exclusivamente en grupo<\/strong> . Ideal para grupos escolares, institutos, esplais, entidades o empresas que complementen la visita con una actividad. \u00bfQu\u00e9 tipo de actividades se pueden realizar?  <\/p>\n<p>[\/et_pb_text][\/et_pb_column][\/et_pb_row][et_pb_row column_structure=\u00bb1_2,1_2&#8243; _builder_version=\u00bb4.25.1&#8243; _module_preset=\u00bbdefault\u00bb width=\u00bb100%\u00bb max_width=\u00bb1597px\u00bb collapsed=\u00bboff\u00bb global_colors_info=\u00bb{}\u00bb][et_pb_column type=\u00bb1_2&#8243; _builder_version=\u00bb4.25.1&#8243; _module_preset=\u00bbdefault\u00bb global_colors_info=\u00bb{}\u00bb][et_pb_blurb title=\u00bbACTIVIDADES ESCUELAS E INSTITUTOS\u00bb url=\u00bb@ET-DC@eyJkeW5hbWljIjp0cnVlLCJjb250ZW50IjoicG9zdF9saW5rX3VybF9wYWdlIiwic2V0dGluZ3MiOnsicG9zdF9pZCI6IjUzNCJ9fQ==@\u00bb image=\u00bbhttps:\/\/menjaactuaimpacta.org\/wp-content\/uploads\/2024\/08\/Fotos-nou-web-MAI7.jpg\u00bb alt=\u00bbactividades educativas centre esplai\u00bb content_max_width=\u00bb100%\u00bb admin_label=\u00bbACTIVITATS ESCOLARS\u00bb _builder_version=\u00bb4.25.1&#8243; _dynamic_attributes=\u00bburl,link_option_url\u00bb _module_preset=\u00bbdefault\u00bb header_level=\u00bbh1&#8243; header_font=\u00bbFormula Condensed|700|||||||\u00bb header_text_color=\u00bb#FFFFFF\u00bb body_font=\u00bbFormula Condensed||||||||\u00bb body_font_size=\u00bb25px\u00bb background_color=\u00bb#92DA50&#8243; text_orientation=\u00bbcenter\u00bb background_layout=\u00bbdark\u00bb link_option_url=\u00bb@ET-DC@eyJkeW5hbWljIjp0cnVlLCJjb250ZW50IjoicG9zdF9saW5rX3VybF9wYWdlIiwic2V0dGluZ3MiOnsicG9zdF9pZCI6IjUzNCJ9fQ==@\u00bb box_shadow_style=\u00bbpreset1&#8243; global_colors_info=\u00bb{}\u00bb transform_styles__hover_enabled=\u00bbon|hover\u00bb transform_scale__hover_enabled=\u00bbon|hover\u00bb transform_translate__hover_enabled=\u00bbon|desktop\u00bb transform_rotate__hover_enabled=\u00bbon|desktop\u00bb transform_skew__hover_enabled=\u00bbon|desktop\u00bb transform_origin__hover_enabled=\u00bbon|desktop\u00bb transform_scale__hover=\u00bb120%|120%\u00bb][\/et_pb_blurb][\/et_pb_column][et_pb_column type=\u00bb1_2&#8243; _builder_version=\u00bb4.25.1&#8243; _module_preset=\u00bbdefault\u00bb global_colors_info=\u00bb{}\u00bb][et_pb_blurb title=\u00bbACTIVIDADES ENTIDADES Y EMPRESAS\u00bb url=\u00bb@ET-DC@eyJkeW5hbWljIjp0cnVlLCJjb250ZW50IjoicG9zdF9saW5rX3VybF9wYWdlIiwic2V0dGluZ3MiOnsicG9zdF9pZCI6IjU3NyJ9fQ==@\u00bb image=\u00bbhttps:\/\/menjaactuaimpacta.org\/wp-content\/uploads\/2024\/08\/Fotos-nou-web-MAI8.jpg\u00bb alt=\u00bbactividades temabuilding MENJA ACTUA IMPACTA\u00bb content_max_width=\u00bb100%\u00bb admin_label=\u00bbTEAMBUILDING\u00bb _builder_version=\u00bb4.25.1&#8243; _dynamic_attributes=\u00bburl,link_option_url\u00bb _module_preset=\u00bbdefault\u00bb header_level=\u00bbh1&#8243; header_font=\u00bbFormula Condensed|700|||||||\u00bb header_text_color=\u00bb#FFFFFF\u00bb body_font=\u00bbFormula Condensed||||||||\u00bb body_font_size=\u00bb25px\u00bb background_color=\u00bb#0001B4&#8243; text_orientation=\u00bbcenter\u00bb background_layout=\u00bbdark\u00bb link_option_url=\u00bb@ET-DC@eyJkeW5hbWljIjp0cnVlLCJjb250ZW50IjoicG9zdF9saW5rX3VybF9wYWdlIiwic2V0dGluZ3MiOnsicG9zdF9pZCI6IjU3NyJ9fQ==@\u00bb box_shadow_style=\u00bbpreset1&#8243; global_colors_info=\u00bb{}\u00bb transform_styles__hover_enabled=\u00bbon|hover\u00bb transform_scale__hover=\u00bb120%|120%\u00bb transform_scale__hover_enabled=\u00bbon|hover\u00bb transform_translate__hover_enabled=\u00bbon|desktop\u00bb transform_rotate__hover_enabled=\u00bbon|desktop\u00bb transform_skew__hover_enabled=\u00bbon|desktop\u00bb transform_origin__hover_enabled=\u00bbon|desktop\u00bb][\/et_pb_blurb][\/et_pb_column][\/et_pb_row][\/et_pb_section][et_pb_section fb_built=\u00bb1&#8243; admin_label=\u00bbSection COM ARRIBAR? \u00bb _builder_version=\u00bb4.25.1&#8243; _module_preset=\u00bbdefault\u00bb background_color=\u00bb#FDB900&#8243; locked=\u00bboff\u00bb collapsed=\u00bboff\u00bb global_colors_info=\u00bb{}\u00bb][et_pb_row column_structure=\u00bb2_5,3_5&#8243; _builder_version=\u00bb4.25.1&#8243; _module_preset=\u00bbdefault\u00bb background_enable_color=\u00bboff\u00bb width=\u00bb100%\u00bb max_width=\u00bb2560px\u00bb custom_padding=\u00bb50px||50px||false|false\u00bb locked=\u00bboff\u00bb collapsed=\u00bboff\u00bb global_colors_info=\u00bb{}\u00bb][et_pb_column type=\u00bb2_5&#8243; _builder_version=\u00bb4.25.1&#8243; _module_preset=\u00bbdefault\u00bb global_colors_info=\u00bb{}\u00bb][et_pb_text admin_label=\u00bbcom arribar a centre esplai?\u00bb _builder_version=\u00bb4.25.1&#8243; _module_preset=\u00bbdefault\u00bb text_text_color=\u00bb#FFFFFF\u00bb link_font=\u00bb|600|||on|||#FFFFFF|\u00bb link_text_color=\u00bb#FFFFFF\u00bb header_text_color=\u00bb#FFFFFF\u00bb header_font_size=\u00bb50px\u00bb header_2_text_color=\u00bb#FFFFFF\u00bb header_2_font_size=\u00bb50px\u00bb header_3_text_color=\u00bb#FFFFFF\u00bb background_layout=\u00bbdark\u00bb locked=\u00bboff\u00bb global_colors_info=\u00bb{}\u00bb]<\/p>\n<h2>\u00bfC\u00d3MO LLEGAR A CENTRE ESPLAI?<\/h2>\n<p><strong>Exposici\u00f3n Menja Act\u00faa Impacta<\/strong><\/p>\n<p>Edificio Centre Esplai<br \/>Calle Riu Anoia 42-54<br \/>08820, El Prat de Llobregat<\/p>\n<p><a href=\"https:\/\/www.google.com\/maps\/place\/Fundaci%C3%B3+Catalana+de+l'Esplai\/@41.3156772,2.0802597,17z\/data=!4m12!1m6!3m5!1s0x12a49e947b49f78f:0x35233620ad0e081a!2sFundaci%C3%B3+Catalana+de+l'Esplai!8m2!3d41.3156732!4d2.0824484!3m4!1s0x12a49e947b49f78f:0x35233620ad0e081a!8m2!3d41.3156732!4d2.0824484\" target=\"_blank\" rel=\"noreferrer noopener\">&gt; Ver mapa<\/a><\/p>\n<div id=\"mouseposition-extension-element-full-container\" style=\"position: fixed; inset: 0px; pointer-events: none; z-index: 2147483647; font-weight: 400;\">\n<div id=\"mouseposition-extension-element-rect-display\" style=\"display: none; position: absolute; background: rgba(255, 255, 255, 0.7); outline: black solid 1px; font-size: 12px; z-index: 2147483647; justify-content: center; align-items: center; user-select: none; cursor: default; color: #000000; font-family: 'Helvetica Neue', Helvetica, Arial, sans-serif; width: 0px; height: 0px;\">\n<pre style=\"flex: 1 1 0%; text-align: center; background-color: rgba(255, 255, 255, 0.7); color: #000000; min-width: 42px; min-height: 12px; transition: 1s;\"> <\/pre>\n<p>&nbsp;<\/p>\n<\/div>\n<p>&nbsp;<\/p>\n<pre id=\"mouseposition-extension-element-coordinate-display\" style=\"position: absolute; display: none; background: #ffffff; font-size: 12px; line-height: 14px; border-radius: 3px; border-width: 1px; border-color: #222222 black #333333; border-style: solid; padding: 3px; z-index: 2147483647; color: #222222; user-select: none; cursor: default; font-family: 'Helvetica Neue', Helvetica, Arial, sans-serif;\"> <\/pre>\n<\/div>\n<p>[\/et_pb_text][\/et_pb_column][et_pb_column type=\u00bb3_5&#8243; _builder_version=\u00bb4.25.1&#8243; _module_preset=\u00bbdefault\u00bb global_colors_info=\u00bb{}\u00bb][et_pb_text admin_label=\u00bbcom arribar a centre esplai?\u00bb _builder_version=\u00bb4.25.1&#8243; _module_preset=\u00bbdefault\u00bb text_text_color=\u00bb#FFFFFF\u00bb link_font=\u00bb|600|||on|||#FFFFFF|\u00bb link_text_color=\u00bb#FFFFFF\u00bb header_text_color=\u00bb#FFFFFF\u00bb header_font_size=\u00bb50px\u00bb header_2_text_color=\u00bb#FFFFFF\u00bb header_3_text_color=\u00bb#FFFFFF\u00bb header_5_font=\u00bbFormula Condensed Bold||||||||\u00bb header_5_text_color=\u00bb#FFFFFF\u00bb header_5_font_size=\u00bb25px\u00bb background_layout=\u00bbdark\u00bb locked=\u00bboff\u00bb global_colors_info=\u00bb{}\u00bb]<\/p>\n<h5><strong>EN METRO<\/strong><\/h5>\n<div>L9 &#8211; Estaci\u00f3n Parc Nou, situada a 550 metros de Centre Esplai (s\u00f3lo 7 minutos andando hasta el recinto de la exposici\u00f3n).<\/div>\n<div> <\/div>\n<h5><strong>EN TREN<\/strong><\/h5>\n<div> <\/div>\n<div>L\u00ednea cercan\u00edas C2 Sur y R2 Sur. Parada en Estaci\u00f3n del Prat de Llobregat. Una vez all\u00ed, Metro L9 y bajar a la estaci\u00f3n Parc Nou; o bien, tomar el autob\u00fas PR1, PR2 o PR3 con parada en la C\/Riu Llobregat.<\/div>\n<div> <\/div>\n<h5><strong>EN AUTOB\u00daS DESDE BARCELONA \u2013 PLAZA ESPA\u00d1A<\/strong><\/h5>\n<div>BUS 65, parada: C\/Riu Llobregat<\/div>\n<div>BUS 165 Pratexpress, parada: Av.Remolar-Riu Guadalquivir<\/div>\n<p>[\/et_pb_text][\/et_pb_column][\/et_pb_row][\/et_pb_section][et_pb_section fb_built=\u00bb1&#8243; fullwidth=\u00bbon\u00bb admin_label=\u00bbSection MAPA\u00bb _builder_version=\u00bb4.25.1&#8243; _module_preset=\u00bbdefault\u00bb global_colors_info=\u00bb{}\u00bb][et_pb_fullwidth_code _builder_version=\u00bb4.25.1&#8243; _module_preset=\u00bbdefault\u00bb global_colors_info=\u00bb{}\u00bb]<iframe src=\"https:\/\/www.google.com\/maps\/embed?pb=!1m18!1m12!1m3!1d95826.81728120166!2d1.9858202426040237!3d41.361307159610234!2m3!1f0!2f0!3f0!3m2!1i1024!2i768!4f13.1!3m3!1m2!1s0x12a49e947b49f78f%3A0x35233620ad0e081a!2sFundaci%C3%B3%20Catalana%20de%20l'Esplai!5e0!3m2!1sca!2ses!4v1722501134814!5m2!1sca!2ses\" width=\"100%\" height=\"600\" style=\"border:0;\" allowfullscreen=\"\" loading=\"lazy\" referrerpolicy=\"no-referrer-when-downgrade\"><\/iframe>[\/et_pb_fullwidth_code][\/et_pb_section]<\/p>\n","protected":false},"excerpt":{"rendered":"<p>NUEVO ESPACIO EXPOSITIVO EN CENTRE ESPLAI\u00a1NOVEDAD 2024! \u00a1El espacio expositivo de Centre Esplai , en El Prat de Llobregat, se reinventa! M\u00e1s inmersivo, m\u00e1s gamificado, especialmente dise\u00f1ado para grupos&#8230; Nuevo espacio especial para gruposConservando la esenciaEXPOSICI\u00d3N GAMIFICADAConservamos la narrativa y la esencia y reinventamos el espacio expositivo para que sea m\u00e1s manipulativo y l\u00fadico. Puede [&hellip;]<\/p>\n","protected":false},"author":3,"featured_media":0,"parent":19869,"menu_order":0,"comment_status":"closed","ping_status":"closed","template":"","meta":{"_et_pb_use_builder":"on","_et_pb_old_content":"","_et_gb_content_width":"","footnotes":""},"class_list":["post-19913","page","type-page","status-publish","hentry"],"yoast_head":"<!-- This site is optimized with the Yoast SEO plugin v27.3 - https:\/\/yoast.com\/product\/yoast-seo-wordpress\/ -->\n<title>Nuevo espacio expositivo en Centre Esplai - Menja Actua Impacta<\/title>\n<meta name=\"robots\" content=\"index, follow, max-snippet:-1, max-image-preview:large, max-video-preview:-1\" \/>\n<link rel=\"canonical\" href=\"https:\/\/menjaactuaimpacta.org\/es\/la-exposicion\/nuevo-espacio-expositivo-en-centre-esplai\/\" \/>\n<meta property=\"og:locale\" content=\"es_ES\" \/>\n<meta property=\"og:type\" content=\"article\" \/>\n<meta property=\"og:title\" content=\"Nuevo espacio expositivo en Centre Esplai - Menja Actua Impacta\" \/>\n<meta property=\"og:description\" content=\"NUEVO ESPACIO EXPOSITIVO EN CENTRE ESPLAI\u00a1NOVEDAD 2024! \u00a1El espacio expositivo de Centre Esplai , en El Prat de Llobregat, se reinventa! M\u00e1s inmersivo, m\u00e1s gamificado, especialmente dise\u00f1ado para grupos... Nuevo espacio especial para gruposConservando la esenciaEXPOSICI\u00d3N GAMIFICADAConservamos la narrativa y la esencia y reinventamos el espacio expositivo para que sea m\u00e1s manipulativo y l\u00fadico. Puede [&hellip;]\" \/>\n<meta property=\"og:url\" content=\"https:\/\/menjaactuaimpacta.org\/es\/la-exposicion\/nuevo-espacio-expositivo-en-centre-esplai\/\" \/>\n<meta property=\"og:site_name\" content=\"Menja Actua Impacta\" \/>\n<meta property=\"article:modified_time\" content=\"2024-08-09T12:39:37+00:00\" \/>\n<meta name=\"twitter:card\" content=\"summary_large_image\" \/>\n<meta name=\"twitter:label1\" content=\"Tiempo de lectura\" \/>\n\t<meta name=\"twitter:data1\" content=\"7 minutos\" \/>\n<script type=\"application\/ld+json\" class=\"yoast-schema-graph\">{\"@context\":\"https:\\\/\\\/schema.org\",\"@graph\":[{\"@type\":\"WebPage\",\"@id\":\"https:\\\/\\\/menjaactuaimpacta.org\\\/es\\\/la-exposicion\\\/nuevo-espacio-expositivo-en-centre-esplai\\\/\",\"url\":\"https:\\\/\\\/menjaactuaimpacta.org\\\/es\\\/la-exposicion\\\/nuevo-espacio-expositivo-en-centre-esplai\\\/\",\"name\":\"Nuevo espacio expositivo en Centre Esplai - Menja Actua Impacta\",\"isPartOf\":{\"@id\":\"https:\\\/\\\/menjaactuaimpacta.org\\\/es\\\/#website\"},\"datePublished\":\"2024-07-08T08:32:17+00:00\",\"dateModified\":\"2024-08-09T12:39:37+00:00\",\"breadcrumb\":{\"@id\":\"https:\\\/\\\/menjaactuaimpacta.org\\\/es\\\/la-exposicion\\\/nuevo-espacio-expositivo-en-centre-esplai\\\/#breadcrumb\"},\"inLanguage\":\"es\",\"potentialAction\":[{\"@type\":\"ReadAction\",\"target\":[\"https:\\\/\\\/menjaactuaimpacta.org\\\/es\\\/la-exposicion\\\/nuevo-espacio-expositivo-en-centre-esplai\\\/\"]}]},{\"@type\":\"BreadcrumbList\",\"@id\":\"https:\\\/\\\/menjaactuaimpacta.org\\\/es\\\/la-exposicion\\\/nuevo-espacio-expositivo-en-centre-esplai\\\/#breadcrumb\",\"itemListElement\":[{\"@type\":\"ListItem\",\"position\":1,\"name\":\"Inici\",\"item\":\"https:\\\/\\\/menjaactuaimpacta.org\\\/es\\\/\"},{\"@type\":\"ListItem\",\"position\":2,\"name\":\"La exposici\u00f3n\",\"item\":\"https:\\\/\\\/menjaactuaimpacta.org\\\/es\\\/exposicio\\\/\"},{\"@type\":\"ListItem\",\"position\":3,\"name\":\"Nuevo espacio expositivo en Centre Esplai\"}]},{\"@type\":\"WebSite\",\"@id\":\"https:\\\/\\\/menjaactuaimpacta.org\\\/es\\\/#website\",\"url\":\"https:\\\/\\\/menjaactuaimpacta.org\\\/es\\\/\",\"name\":\"Menja Actua Impacta\",\"description\":\"\",\"publisher\":{\"@id\":\"https:\\\/\\\/menjaactuaimpacta.org\\\/es\\\/#organization\"},\"potentialAction\":[{\"@type\":\"SearchAction\",\"target\":{\"@type\":\"EntryPoint\",\"urlTemplate\":\"https:\\\/\\\/menjaactuaimpacta.org\\\/es\\\/?s={search_term_string}\"},\"query-input\":{\"@type\":\"PropertyValueSpecification\",\"valueRequired\":true,\"valueName\":\"search_term_string\"}}],\"inLanguage\":\"es\"},{\"@type\":\"Organization\",\"@id\":\"https:\\\/\\\/menjaactuaimpacta.org\\\/es\\\/#organization\",\"name\":\"Menja Actua Impacta\",\"url\":\"https:\\\/\\\/menjaactuaimpacta.org\\\/es\\\/\",\"logo\":{\"@type\":\"ImageObject\",\"inLanguage\":\"es\",\"@id\":\"https:\\\/\\\/menjaactuaimpacta.org\\\/es\\\/#\\\/schema\\\/logo\\\/image\\\/\",\"url\":\"https:\\\/\\\/menjaactuaimpacta.org\\\/wp-content\\\/uploads\\\/2024\\\/06\\\/Imagen-menja-actua-impacta.png\",\"contentUrl\":\"https:\\\/\\\/menjaactuaimpacta.org\\\/wp-content\\\/uploads\\\/2024\\\/06\\\/Imagen-menja-actua-impacta.png\",\"width\":933,\"height\":784,\"caption\":\"Menja Actua Impacta\"},\"image\":{\"@id\":\"https:\\\/\\\/menjaactuaimpacta.org\\\/es\\\/#\\\/schema\\\/logo\\\/image\\\/\"}}]}<\/script>\n<!-- \/ Yoast SEO plugin. -->","yoast_head_json":{"title":"Nuevo espacio expositivo en Centre Esplai - Menja Actua Impacta","robots":{"index":"index","follow":"follow","max-snippet":"max-snippet:-1","max-image-preview":"max-image-preview:large","max-video-preview":"max-video-preview:-1"},"canonical":"https:\/\/menjaactuaimpacta.org\/es\/la-exposicion\/nuevo-espacio-expositivo-en-centre-esplai\/","og_locale":"es_ES","og_type":"article","og_title":"Nuevo espacio expositivo en Centre Esplai - Menja Actua Impacta","og_description":"NUEVO ESPACIO EXPOSITIVO EN CENTRE ESPLAI\u00a1NOVEDAD 2024! \u00a1El espacio expositivo de Centre Esplai , en El Prat de Llobregat, se reinventa! M\u00e1s inmersivo, m\u00e1s gamificado, especialmente dise\u00f1ado para grupos... Nuevo espacio especial para gruposConservando la esenciaEXPOSICI\u00d3N GAMIFICADAConservamos la narrativa y la esencia y reinventamos el espacio expositivo para que sea m\u00e1s manipulativo y l\u00fadico. Puede [&hellip;]","og_url":"https:\/\/menjaactuaimpacta.org\/es\/la-exposicion\/nuevo-espacio-expositivo-en-centre-esplai\/","og_site_name":"Menja Actua Impacta","article_modified_time":"2024-08-09T12:39:37+00:00","twitter_card":"summary_large_image","twitter_misc":{"Tiempo de lectura":"7 minutos"},"schema":{"@context":"https:\/\/schema.org","@graph":[{"@type":"WebPage","@id":"https:\/\/menjaactuaimpacta.org\/es\/la-exposicion\/nuevo-espacio-expositivo-en-centre-esplai\/","url":"https:\/\/menjaactuaimpacta.org\/es\/la-exposicion\/nuevo-espacio-expositivo-en-centre-esplai\/","name":"Nuevo espacio expositivo en Centre Esplai - Menja Actua Impacta","isPartOf":{"@id":"https:\/\/menjaactuaimpacta.org\/es\/#website"},"datePublished":"2024-07-08T08:32:17+00:00","dateModified":"2024-08-09T12:39:37+00:00","breadcrumb":{"@id":"https:\/\/menjaactuaimpacta.org\/es\/la-exposicion\/nuevo-espacio-expositivo-en-centre-esplai\/#breadcrumb"},"inLanguage":"es","potentialAction":[{"@type":"ReadAction","target":["https:\/\/menjaactuaimpacta.org\/es\/la-exposicion\/nuevo-espacio-expositivo-en-centre-esplai\/"]}]},{"@type":"BreadcrumbList","@id":"https:\/\/menjaactuaimpacta.org\/es\/la-exposicion\/nuevo-espacio-expositivo-en-centre-esplai\/#breadcrumb","itemListElement":[{"@type":"ListItem","position":1,"name":"Inici","item":"https:\/\/menjaactuaimpacta.org\/es\/"},{"@type":"ListItem","position":2,"name":"La exposici\u00f3n","item":"https:\/\/menjaactuaimpacta.org\/es\/exposicio\/"},{"@type":"ListItem","position":3,"name":"Nuevo espacio expositivo en Centre Esplai"}]},{"@type":"WebSite","@id":"https:\/\/menjaactuaimpacta.org\/es\/#website","url":"https:\/\/menjaactuaimpacta.org\/es\/","name":"Menja Actua Impacta","description":"","publisher":{"@id":"https:\/\/menjaactuaimpacta.org\/es\/#organization"},"potentialAction":[{"@type":"SearchAction","target":{"@type":"EntryPoint","urlTemplate":"https:\/\/menjaactuaimpacta.org\/es\/?s={search_term_string}"},"query-input":{"@type":"PropertyValueSpecification","valueRequired":true,"valueName":"search_term_string"}}],"inLanguage":"es"},{"@type":"Organization","@id":"https:\/\/menjaactuaimpacta.org\/es\/#organization","name":"Menja Actua Impacta","url":"https:\/\/menjaactuaimpacta.org\/es\/","logo":{"@type":"ImageObject","inLanguage":"es","@id":"https:\/\/menjaactuaimpacta.org\/es\/#\/schema\/logo\/image\/","url":"https:\/\/menjaactuaimpacta.org\/wp-content\/uploads\/2024\/06\/Imagen-menja-actua-impacta.png","contentUrl":"https:\/\/menjaactuaimpacta.org\/wp-content\/uploads\/2024\/06\/Imagen-menja-actua-impacta.png","width":933,"height":784,"caption":"Menja Actua Impacta"},"image":{"@id":"https:\/\/menjaactuaimpacta.org\/es\/#\/schema\/logo\/image\/"}}]}},"_links":{"self":[{"href":"https:\/\/menjaactuaimpacta.org\/es\/wp-json\/wp\/v2\/pages\/19913","targetHints":{"allow":["GET"]}}],"collection":[{"href":"https:\/\/menjaactuaimpacta.org\/es\/wp-json\/wp\/v2\/pages"}],"about":[{"href":"https:\/\/menjaactuaimpacta.org\/es\/wp-json\/wp\/v2\/types\/page"}],"author":[{"embeddable":true,"href":"https:\/\/menjaactuaimpacta.org\/es\/wp-json\/wp\/v2\/users\/3"}],"replies":[{"embeddable":true,"href":"https:\/\/menjaactuaimpacta.org\/es\/wp-json\/wp\/v2\/comments?post=19913"}],"version-history":[{"count":6,"href":"https:\/\/menjaactuaimpacta.org\/es\/wp-json\/wp\/v2\/pages\/19913\/revisions"}],"predecessor-version":[{"id":19921,"href":"https:\/\/menjaactuaimpacta.org\/es\/wp-json\/wp\/v2\/pages\/19913\/revisions\/19921"}],"up":[{"embeddable":true,"href":"https:\/\/menjaactuaimpacta.org\/es\/wp-json\/wp\/v2\/pages\/19869"}],"wp:attachment":[{"href":"https:\/\/menjaactuaimpacta.org\/es\/wp-json\/wp\/v2\/media?parent=19913"}],"curies":[{"name":"wp","href":"https:\/\/api.w.org\/{rel}","templated":true}]}}