{"id":19872,"date":"2024-07-09T09:34:24","date_gmt":"2024-07-09T07:34:24","guid":{"rendered":"https:\/\/new.menjaactuaimpacta.org\/la-exposicion\/manana-fundesplai\/"},"modified":"2024-09-10T12:26:12","modified_gmt":"2024-09-10T10:26:12","slug":"dema-fundesplai","status":"publish","type":"page","link":"https:\/\/menjaactuaimpacta.org\/es\/dema-fundesplai\/","title":{"rendered":"Dem\u00e0 \/ Fundesplai"},"content":{"rendered":"<p>[et_pb_section fb_built=\u00bb1&#8243; _builder_version=\u00bb4.25.1&#8243; _module_preset=\u00bbdefault\u00bb background_color=\u00bb#00e05e\u00bb collapsed=\u00bbon\u00bb global_colors_info=\u00bb{}\u00bb][et_pb_row column_structure=\u00bb1_3,2_3&#8243; _builder_version=\u00bb4.25.1&#8243; _module_preset=\u00bbdefault\u00bb global_colors_info=\u00bb{}\u00bb][et_pb_column type=\u00bb1_3&#8243; _builder_version=\u00bb4.25.1&#8243; _module_preset=\u00bbdefault\u00bb global_colors_info=\u00bb{}\u00bb][et_pb_image src=\u00bbhttps:\/\/menjaactuaimpacta.org\/wp-content\/uploads\/2024\/06\/Dema-fundesplai-1.png\u00bb title_text=\u00bbDema-fundesplai-1&#8243; _builder_version=\u00bb4.25.1&#8243; _module_preset=\u00bbdefault\u00bb width=\u00bb65%\u00bb global_colors_info=\u00bb{}\u00bb][\/et_pb_image][\/et_pb_column][et_pb_column type=\u00bb2_3&#8243; _builder_version=\u00bb4.25.1&#8243; _module_preset=\u00bbdefault\u00bb global_colors_info=\u00bb{}\u00bb][et_pb_image src=\u00bbhttps:\/\/menjaactuaimpacta.org\/wp-content\/uploads\/2024\/07\/logo-Dema-Fundesplai-invertit.png\u00bb title_text=\u00bblogo-Dema-Fundesplai-invertido\u00bb align=\u00bbcenter\u00bb force_fullwidth=\u00bbon\u00bb _builder_version=\u00bb4.25.1&#8243; _module_preset=\u00bbdefault\u00bb global_colors_info=\u00bb{}\u00bb][\/et_pb_image][et_pb_text _builder_version=\u00bb4.25.1&#8243; _module_preset=\u00bbdefault\u00bb text_font=\u00bbRoboto|300|||||||\u00bb text_text_color=\u00bb#FFFFFF\u00bb text_font_size=\u00bb18px\u00bb header_font=\u00bb|300|||||||\u00bb global_colors_info=\u00bb{}\u00bb]<\/p>\n<p>MENJA, ACTUA, IMPACTA es la primera acci\u00f3n del proyecto DEM\u00c0, una iniciativa impulsada por Fundesplai que pretende crear un espacio de activaci\u00f3n y transformaci\u00f3n personal y colectivo, centrado en dos grandes ejes: <strong>la sostenibilidad y la convivencia<\/strong>.<\/p>\n<p>[\/et_pb_text][\/et_pb_column][\/et_pb_row][\/et_pb_section][et_pb_section fb_built=\u00bb1&#8243; admin_label=\u00bbSection DEM\u00c0\u00bb _builder_version=\u00bb4.25.1&#8243; _module_preset=\u00bbdefault\u00bb background_color=\u00bb#0001b4&#8243; collapsed=\u00bbon\u00bb global_colors_info=\u00bb{}\u00bb][et_pb_row column_structure=\u00bb1_2,1_2&#8243; _builder_version=\u00bb4.25.1&#8243; _module_preset=\u00bbdefault\u00bb width=\u00bb100%\u00bb max_width=\u00bb1597px\u00bb global_colors_info=\u00bb{}\u00bb][et_pb_column type=\u00bb1_2&#8243; _builder_version=\u00bb4.25.1&#8243; _module_preset=\u00bbdefault\u00bb global_colors_info=\u00bb{}\u00bb][et_pb_image src=\u00bbhttps:\/\/menjaactuaimpacta.org\/wp-content\/uploads\/2024\/06\/DemaFundesplai1-1320&#215;1008-1.jpg\u00bb title_text=\u00bbDemaFundesplai1-1320&#215;1008&#8243; _builder_version=\u00bb4.25.1&#8243; _module_preset=\u00bbdefault\u00bb global_colors_info=\u00bb{}\u00bb][\/et_pb_image][\/et_pb_column][et_pb_column type=\u00bb1_2&#8243; _builder_version=\u00bb4.25.1&#8243; _module_preset=\u00bbdefault\u00bb global_colors_info=\u00bb{}\u00bb][et_pb_text _builder_version=\u00bb4.25.1&#8243; _module_preset=\u00bbdefault\u00bb text_font=\u00bbFormula Condensed Bold||||||||\u00bb text_text_color=\u00bb#FFFFFF\u00bb text_font_size=\u00bb71px\u00bb header_font_size=\u00bb79px\u00bb background_layout=\u00bbdark\u00bb custom_margin=\u00bb||||false|false\u00bb global_colors_info=\u00bb{}\u00bb]<\/p>\n<h2>DEM\u00c0. UN ESPACIO<br \/>DE REFLEXI\u00d3N y ACCI\u00d3N<\/h2>\n<p>[\/et_pb_text][et_pb_text _builder_version=\u00bb4.25.1&#8243; _module_preset=\u00bbdefault\u00bb text_font=\u00bbRoboto|300|||||||\u00bb text_text_color=\u00bb#FFFFFF\u00bb text_font_size=\u00bb18px\u00bb header_font=\u00bb|300|||||||\u00bb global_colors_info=\u00bb{}\u00bb]<\/p>\n<p>DEM\u00c0 quiere ser un espacio que invite a repensar c\u00f3mo queremos vivir en el planeta y c\u00f3mo queremos vivir con los dem\u00e1s en el planeta. Un espacio que llame a la acci\u00f3n ante la emergencia clim\u00e1tica y social, que nos movilice a imaginar y construir un futuro m\u00e1s justo y sostenible. <\/p>\n<p>DEM\u00c0 ser\u00e1 el paraguas de una serie de acciones dirigidas a dinamizar la toma de conciencia sobre los grandes retos a los que se enfrenta la humanidad, ya impulsar la acci\u00f3n colectiva para cambiar un mundo construido en la l\u00f3gica del dominio por un otro basado en la \u00e9tica del cuidado.<\/p>\n<p>[\/et_pb_text][et_pb_button button_url=\u00bb@ET-DC@eyJkeW5hbWljIjp0cnVlLCJjb250ZW50IjoicG9zdF9saW5rX3VybF9wYWdlIiwic2V0dGluZ3MiOnsicG9zdF9pZCI6IjU4MSJ9fQ==@\u00bb button_text=\u00bbQu\u00e9 es MENJA, ACT\u00daA, IMPACTA\u00bb _builder_version=\u00bb4.25.1&#8243; _dynamic_attributes=\u00bbbutton_url\u00bb _module_preset=\u00bbdefault\u00bb custom_button=\u00bbon\u00bb button_text_color=\u00bb#0001b4&#8243; button_bg_color=\u00bb#FFFFFF\u00bb background_layout=\u00bbdark\u00bb global_colors_info=\u00bb{}\u00bb][\/et_pb_button][\/et_pb_column][\/et_pb_row][\/et_pb_section][et_pb_section fb_built=\u00bb1&#8243; admin_label=\u00bbSection FUNDESPLAI\u00bb _builder_version=\u00bb4.25.1&#8243; _module_preset=\u00bbdefault\u00bb background_color=\u00bb#00e05e\u00bb global_colors_info=\u00bb{}\u00bb][et_pb_row column_structure=\u00bb1_2,1_2&#8243; _builder_version=\u00bb4.25.1&#8243; _module_preset=\u00bbdefault\u00bb width=\u00bb100%\u00bb max_width=\u00bb1597px\u00bb global_colors_info=\u00bb{}\u00bb][et_pb_column type=\u00bb1_2&#8243; _builder_version=\u00bb4.25.1&#8243; _module_preset=\u00bbdefault\u00bb global_colors_info=\u00bb{}\u00bb][et_pb_image src=\u00bbhttps:\/\/menjaactuaimpacta.org\/wp-content\/uploads\/2024\/06\/DemaFundesplai2-1320&#215;1008-1.jpg\u00bb title_text=\u00bbDemaFundesplai2-1320&#215;1008&#8243; _builder_version=\u00bb4.25.1&#8243; _module_preset=\u00bbdefault\u00bb global_colors_info=\u00bb{}\u00bb][\/et_pb_image][\/et_pb_column][et_pb_column type=\u00bb1_2&#8243; _builder_version=\u00bb4.25.1&#8243; _module_preset=\u00bbdefault\u00bb global_colors_info=\u00bb{}\u00bb][et_pb_text _builder_version=\u00bb4.27.0&#8243; _module_preset=\u00bbdefault\u00bb text_font=\u00bbFormula Condensed Bold||||||||\u00bb text_text_color=\u00bb#FFFFFF\u00bb text_font_size=\u00bb71px\u00bb header_font_size=\u00bb79px\u00bb background_layout=\u00bbdark\u00bb custom_margin=\u00bb||||false|false\u00bb global_colors_info=\u00bb{}\u00bb]<\/p>\n<h2 class=\"wp-block-heading has-white-color has-text-color\">FUNDESPLAI:<br \/>EDUCACI\u00d3N PARA LA SOSTENIBILIDAD<br \/>Y LA CONVIVENCIA<\/h2>\n<p>[\/et_pb_text][et_pb_text _builder_version=\u00bb4.27.0&#8243; _module_preset=\u00bbdefault\u00bb text_font=\u00bbRoboto|300|||||||\u00bb text_text_color=\u00bb#FFFFFF\u00bb text_font_size=\u00bb18px\u00bb link_font=\u00bb|600|||on|||#FFFFFF|\u00bb link_text_color=\u00bb#FFFFFF\u00bb header_font=\u00bb|300|||||||\u00bb header_text_color=\u00bb#FFFFFF\u00bb header_3_text_color=\u00bb#FFFFFF\u00bb header_4_text_color=\u00bb#FFFFFF\u00bb header_5_text_color=\u00bb#FFFFFF\u00bb background_layout=\u00bbdark\u00bb global_colors_info=\u00bb{}\u00bb]<\/p>\n<p class=\"has-black-color has-text-color\">En <a href=\"https:\/\/fundesplai.org\/\">Fundesplai<\/a> tenemos m\u00e1s de 50 a\u00f1os de experiencia en la educaci\u00f3n de los ni\u00f1os, ni\u00f1as y j\u00f3venes, el fortalecimiento del tercer sector y la mejora del medio ambiente, con la promoci\u00f3n de la ciudadan\u00eda y la inclusi\u00f3n social, siempre con voluntad transformadora.<\/p>\n<p>Ahora, frente a la emergencia social y ambiental que vivimos, tenemos la voluntad de ir m\u00e1s all\u00e1 en nuestra misi\u00f3n.<\/p>\n<p>Para nosotros, DEM\u00c0 es una oportunidad de proyectar nuestros valores y experiencia con el impulso de un proyecto de impacto local y global, partiendo de la amplia comunidad educativa y social vinculada a la organizaci\u00f3n y trabajando en estrecha colaboraci\u00f3n con otras instituciones y organizaciones locales e internacionales.<\/p>\n<p>[\/et_pb_text][et_pb_button button_url=\u00bbhttps:\/\/fundesplai.org\/\u00bb button_text=\u00bbDescubre Fundesplai\u00bb _builder_version=\u00bb4.25.1&#8243; _module_preset=\u00bbdefault\u00bb custom_button=\u00bbon\u00bb button_text_color=\u00bb#0001b4&#8243; button_bg_color=\u00bb#FFFFFF\u00bb button_border_color=\u00bb#FFFFFF\u00bb background_layout=\u00bbdark\u00bb global_colors_info=\u00bb{}\u00bb][\/et_pb_button][\/et_pb_column][\/et_pb_row][\/et_pb_section]<\/p>\n","protected":false},"excerpt":{"rendered":"<p>MENJA, ACTUA, IMPACTA es la primera acci\u00f3n del proyecto DEM\u00c0, una iniciativa impulsada por Fundesplai que pretende crear un espacio de activaci\u00f3n y transformaci\u00f3n personal y colectivo, centrado en dos grandes ejes: la sostenibilidad y la convivencia.DEM\u00c0. UN ESPACIODE REFLEXI\u00d3N y ACCI\u00d3NDEM\u00c0 quiere ser un espacio que invite a repensar c\u00f3mo queremos vivir en el [&hellip;]<\/p>\n","protected":false},"author":3,"featured_media":0,"parent":0,"menu_order":0,"comment_status":"closed","ping_status":"closed","template":"","meta":{"_et_pb_use_builder":"on","_et_pb_old_content":"","_et_gb_content_width":"","footnotes":""},"class_list":["post-19872","page","type-page","status-publish","hentry"],"yoast_head":"<!-- This site is optimized with the Yoast SEO plugin v27.3 - https:\/\/yoast.com\/product\/yoast-seo-wordpress\/ -->\n<title>Dem\u00e0 \/ Fundesplai - Menja Actua Impacta<\/title>\n<meta name=\"robots\" content=\"index, follow, max-snippet:-1, max-image-preview:large, max-video-preview:-1\" \/>\n<link rel=\"canonical\" href=\"https:\/\/menjaactuaimpacta.org\/es\/dema-fundesplai\/\" \/>\n<meta property=\"og:locale\" content=\"es_ES\" \/>\n<meta property=\"og:type\" content=\"article\" \/>\n<meta property=\"og:title\" content=\"Dem\u00e0 \/ Fundesplai - Menja Actua Impacta\" \/>\n<meta property=\"og:description\" content=\"MENJA, ACTUA, IMPACTA es la primera acci\u00f3n del proyecto DEM\u00c0, una iniciativa impulsada por Fundesplai que pretende crear un espacio de activaci\u00f3n y transformaci\u00f3n personal y colectivo, centrado en dos grandes ejes: la sostenibilidad y la convivencia.DEM\u00c0. UN ESPACIODE REFLEXI\u00d3N y ACCI\u00d3NDEM\u00c0 quiere ser un espacio que invite a repensar c\u00f3mo queremos vivir en el [&hellip;]\" \/>\n<meta property=\"og:url\" content=\"https:\/\/menjaactuaimpacta.org\/es\/dema-fundesplai\/\" \/>\n<meta property=\"og:site_name\" content=\"Menja Actua Impacta\" \/>\n<meta property=\"article:modified_time\" content=\"2024-09-10T10:26:12+00:00\" \/>\n<meta name=\"twitter:card\" content=\"summary_large_image\" \/>\n<meta name=\"twitter:label1\" content=\"Tiempo de lectura\" \/>\n\t<meta name=\"twitter:data1\" content=\"3 minutos\" \/>\n<script type=\"application\/ld+json\" class=\"yoast-schema-graph\">{\"@context\":\"https:\\\/\\\/schema.org\",\"@graph\":[{\"@type\":\"WebPage\",\"@id\":\"https:\\\/\\\/menjaactuaimpacta.org\\\/es\\\/dema-fundesplai\\\/\",\"url\":\"https:\\\/\\\/menjaactuaimpacta.org\\\/es\\\/dema-fundesplai\\\/\",\"name\":\"Dem\u00e0 \\\/ Fundesplai - Menja Actua Impacta\",\"isPartOf\":{\"@id\":\"https:\\\/\\\/menjaactuaimpacta.org\\\/es\\\/#website\"},\"datePublished\":\"2024-07-09T07:34:24+00:00\",\"dateModified\":\"2024-09-10T10:26:12+00:00\",\"breadcrumb\":{\"@id\":\"https:\\\/\\\/menjaactuaimpacta.org\\\/es\\\/dema-fundesplai\\\/#breadcrumb\"},\"inLanguage\":\"es\",\"potentialAction\":[{\"@type\":\"ReadAction\",\"target\":[\"https:\\\/\\\/menjaactuaimpacta.org\\\/es\\\/dema-fundesplai\\\/\"]}]},{\"@type\":\"BreadcrumbList\",\"@id\":\"https:\\\/\\\/menjaactuaimpacta.org\\\/es\\\/dema-fundesplai\\\/#breadcrumb\",\"itemListElement\":[{\"@type\":\"ListItem\",\"position\":1,\"name\":\"Inici\",\"item\":\"https:\\\/\\\/menjaactuaimpacta.org\\\/es\\\/\"},{\"@type\":\"ListItem\",\"position\":2,\"name\":\"Dem\u00e0 \\\/ Fundesplai\"}]},{\"@type\":\"WebSite\",\"@id\":\"https:\\\/\\\/menjaactuaimpacta.org\\\/es\\\/#website\",\"url\":\"https:\\\/\\\/menjaactuaimpacta.org\\\/es\\\/\",\"name\":\"Menja Actua Impacta\",\"description\":\"\",\"publisher\":{\"@id\":\"https:\\\/\\\/menjaactuaimpacta.org\\\/es\\\/#organization\"},\"potentialAction\":[{\"@type\":\"SearchAction\",\"target\":{\"@type\":\"EntryPoint\",\"urlTemplate\":\"https:\\\/\\\/menjaactuaimpacta.org\\\/es\\\/?s={search_term_string}\"},\"query-input\":{\"@type\":\"PropertyValueSpecification\",\"valueRequired\":true,\"valueName\":\"search_term_string\"}}],\"inLanguage\":\"es\"},{\"@type\":\"Organization\",\"@id\":\"https:\\\/\\\/menjaactuaimpacta.org\\\/es\\\/#organization\",\"name\":\"Menja Actua Impacta\",\"url\":\"https:\\\/\\\/menjaactuaimpacta.org\\\/es\\\/\",\"logo\":{\"@type\":\"ImageObject\",\"inLanguage\":\"es\",\"@id\":\"https:\\\/\\\/menjaactuaimpacta.org\\\/es\\\/#\\\/schema\\\/logo\\\/image\\\/\",\"url\":\"https:\\\/\\\/menjaactuaimpacta.org\\\/wp-content\\\/uploads\\\/2024\\\/06\\\/Imagen-menja-actua-impacta.png\",\"contentUrl\":\"https:\\\/\\\/menjaactuaimpacta.org\\\/wp-content\\\/uploads\\\/2024\\\/06\\\/Imagen-menja-actua-impacta.png\",\"width\":933,\"height\":784,\"caption\":\"Menja Actua Impacta\"},\"image\":{\"@id\":\"https:\\\/\\\/menjaactuaimpacta.org\\\/es\\\/#\\\/schema\\\/logo\\\/image\\\/\"}}]}<\/script>\n<!-- \/ Yoast SEO plugin. -->","yoast_head_json":{"title":"Dem\u00e0 \/ Fundesplai - Menja Actua Impacta","robots":{"index":"index","follow":"follow","max-snippet":"max-snippet:-1","max-image-preview":"max-image-preview:large","max-video-preview":"max-video-preview:-1"},"canonical":"https:\/\/menjaactuaimpacta.org\/es\/dema-fundesplai\/","og_locale":"es_ES","og_type":"article","og_title":"Dem\u00e0 \/ Fundesplai - Menja Actua Impacta","og_description":"MENJA, ACTUA, IMPACTA es la primera acci\u00f3n del proyecto DEM\u00c0, una iniciativa impulsada por Fundesplai que pretende crear un espacio de activaci\u00f3n y transformaci\u00f3n personal y colectivo, centrado en dos grandes ejes: la sostenibilidad y la convivencia.DEM\u00c0. UN ESPACIODE REFLEXI\u00d3N y ACCI\u00d3NDEM\u00c0 quiere ser un espacio que invite a repensar c\u00f3mo queremos vivir en el [&hellip;]","og_url":"https:\/\/menjaactuaimpacta.org\/es\/dema-fundesplai\/","og_site_name":"Menja Actua Impacta","article_modified_time":"2024-09-10T10:26:12+00:00","twitter_card":"summary_large_image","twitter_misc":{"Tiempo de lectura":"3 minutos"},"schema":{"@context":"https:\/\/schema.org","@graph":[{"@type":"WebPage","@id":"https:\/\/menjaactuaimpacta.org\/es\/dema-fundesplai\/","url":"https:\/\/menjaactuaimpacta.org\/es\/dema-fundesplai\/","name":"Dem\u00e0 \/ Fundesplai - Menja Actua Impacta","isPartOf":{"@id":"https:\/\/menjaactuaimpacta.org\/es\/#website"},"datePublished":"2024-07-09T07:34:24+00:00","dateModified":"2024-09-10T10:26:12+00:00","breadcrumb":{"@id":"https:\/\/menjaactuaimpacta.org\/es\/dema-fundesplai\/#breadcrumb"},"inLanguage":"es","potentialAction":[{"@type":"ReadAction","target":["https:\/\/menjaactuaimpacta.org\/es\/dema-fundesplai\/"]}]},{"@type":"BreadcrumbList","@id":"https:\/\/menjaactuaimpacta.org\/es\/dema-fundesplai\/#breadcrumb","itemListElement":[{"@type":"ListItem","position":1,"name":"Inici","item":"https:\/\/menjaactuaimpacta.org\/es\/"},{"@type":"ListItem","position":2,"name":"Dem\u00e0 \/ Fundesplai"}]},{"@type":"WebSite","@id":"https:\/\/menjaactuaimpacta.org\/es\/#website","url":"https:\/\/menjaactuaimpacta.org\/es\/","name":"Menja Actua Impacta","description":"","publisher":{"@id":"https:\/\/menjaactuaimpacta.org\/es\/#organization"},"potentialAction":[{"@type":"SearchAction","target":{"@type":"EntryPoint","urlTemplate":"https:\/\/menjaactuaimpacta.org\/es\/?s={search_term_string}"},"query-input":{"@type":"PropertyValueSpecification","valueRequired":true,"valueName":"search_term_string"}}],"inLanguage":"es"},{"@type":"Organization","@id":"https:\/\/menjaactuaimpacta.org\/es\/#organization","name":"Menja Actua Impacta","url":"https:\/\/menjaactuaimpacta.org\/es\/","logo":{"@type":"ImageObject","inLanguage":"es","@id":"https:\/\/menjaactuaimpacta.org\/es\/#\/schema\/logo\/image\/","url":"https:\/\/menjaactuaimpacta.org\/wp-content\/uploads\/2024\/06\/Imagen-menja-actua-impacta.png","contentUrl":"https:\/\/menjaactuaimpacta.org\/wp-content\/uploads\/2024\/06\/Imagen-menja-actua-impacta.png","width":933,"height":784,"caption":"Menja Actua Impacta"},"image":{"@id":"https:\/\/menjaactuaimpacta.org\/es\/#\/schema\/logo\/image\/"}}]}},"_links":{"self":[{"href":"https:\/\/menjaactuaimpacta.org\/es\/wp-json\/wp\/v2\/pages\/19872","targetHints":{"allow":["GET"]}}],"collection":[{"href":"https:\/\/menjaactuaimpacta.org\/es\/wp-json\/wp\/v2\/pages"}],"about":[{"href":"https:\/\/menjaactuaimpacta.org\/es\/wp-json\/wp\/v2\/types\/page"}],"author":[{"embeddable":true,"href":"https:\/\/menjaactuaimpacta.org\/es\/wp-json\/wp\/v2\/users\/3"}],"replies":[{"embeddable":true,"href":"https:\/\/menjaactuaimpacta.org\/es\/wp-json\/wp\/v2\/comments?post=19872"}],"version-history":[{"count":42,"href":"https:\/\/menjaactuaimpacta.org\/es\/wp-json\/wp\/v2\/pages\/19872\/revisions"}],"predecessor-version":[{"id":20709,"href":"https:\/\/menjaactuaimpacta.org\/es\/wp-json\/wp\/v2\/pages\/19872\/revisions\/20709"}],"wp:attachment":[{"href":"https:\/\/menjaactuaimpacta.org\/es\/wp-json\/wp\/v2\/media?parent=19872"}],"curies":[{"name":"wp","href":"https:\/\/api.w.org\/{rel}","templated":true}]}}