{"id":19830,"date":"2024-08-09T08:28:36","date_gmt":"2024-08-09T06:28:36","guid":{"rendered":"https:\/\/new.menjaactuaimpacta.org\/escape-rooms\/"},"modified":"2024-08-09T14:14:13","modified_gmt":"2024-08-09T12:14:13","slug":"escape-rooms","status":"publish","type":"page","link":"https:\/\/menjaactuaimpacta.org\/es\/escape-rooms\/","title":{"rendered":"Escape rooms"},"content":{"rendered":"<p>[et_pb_section fb_built=\u00bb1&#8243; _builder_version=\u00bb4.25.1&#8243; _module_preset=\u00bb_initial\u00bb background_color=\u00bb#FDB900&#8243; locked=\u00bboff\u00bb collapsed=\u00bboff\u00bb global_colors_info=\u00bb{}\u00bb][et_pb_row column_structure=\u00bb2_5,3_5&#8243; _builder_version=\u00bb4.25.1&#8243; _module_preset=\u00bbdefault\u00bb width=\u00bb100%\u00bb max_width=\u00bb1597px\u00bb collapsed=\u00bboff\u00bb global_colors_info=\u00bb{}\u00bb][et_pb_column type=\u00bb2_5&#8243; _builder_version=\u00bb4.25.1&#8243; _module_preset=\u00bbdefault\u00bb global_colors_info=\u00bb{}\u00bb][et_pb_image src=\u00bbhttps:\/\/menjaactuaimpacta.org\/wp-content\/uploads\/2023\/03\/candau.png\u00bb title_text=\u00bbcandado\u00bb align=\u00bbright\u00bb _builder_version=\u00bb4.25.1&#8243; _module_preset=\u00bbdefault\u00bb width=\u00bb50%\u00bb custom_margin=\u00bb50px||||false|false\u00bb animation_style=\u00bbfade\u00bb global_colors_info=\u00bb{}\u00bb][\/et_pb_image][\/et_pb_column][et_pb_column type=\u00bb3_5&#8243; _builder_version=\u00bb4.25.1&#8243; _module_preset=\u00bbdefault\u00bb global_colors_info=\u00bb{}\u00bb][et_pb_text admin_label=\u00bbEscape rooms al prat de Llobregat\u00bb _builder_version=\u00bb4.25.1&#8243; _module_preset=\u00bb_initial\u00bb text_font=\u00bbFormula Condensed Bold||||||||\u00bb text_text_color=\u00bb#FFFFFF\u00bb header_text_color=\u00bb#FFFFFF\u00bb header_font_size=\u00bb80px\u00bb custom_margin=\u00bb30px||||false|false\u00bb global_colors_info=\u00bb{}\u00bb]<\/p>\n<h1 class=\"has-white-color has-text-color wp-block-heading\">ESCAPE ROOMS EN EL PRAT DE LLOBREGAT<\/h1>\n<p>[\/et_pb_text][et_pb_text _builder_version=\u00bb4.25.1&#8243; _module_preset=\u00bb_initial\u00bb text_font=\u00bbRoboto|300|||||||\u00bb text_text_color=\u00bb#FFFFFF\u00bb header_font=\u00bb|300|||||||\u00bb global_colors_info=\u00bb{}\u00bb]<\/p>\n<div class=\"content\">\n<p>En Centre Esplai , El Prat de Llobregat, tenemos 2 escape rooms \u00fanicos!<\/p>\n<p>\u00a1El <strong>Escape Food 2050<\/strong> ha sido nominado a mejor sala original de Espa\u00f1a! S\u00f3lo tienes que hacer la compra en el supermercado y p\u00e1gala en el a\u00f1o 2050. Para mayores de 16 a\u00f1os y adultos. Grupos de institutos, entidades y empresas.   <\/p>\n<p>La <strong>Escape Food Junior<\/strong> est\u00e1 pensada para grupos escolares a partir de 9 a\u00f1os.<\/p>\n<p><strong style=\"font-size: 150%;\">Partidas exclusivas para grupos escolares, entidades o empresas<br \/><\/strong><\/p>\n<\/div>\n<p>[\/et_pb_text][et_pb_button button_url=\u00bbhttps:\/\/menjaactuaimpacta.org\/contacte\/\u00bb button_text=\u00bbContacta para reservar una partida en grupo\u00bb _builder_version=\u00bb4.25.1&#8243; _module_preset=\u00bbdefault\u00bb custom_button=\u00bbon\u00bb button_text_color=\u00bb#0001b4&#8243; button_bg_color=\u00bb#FFFFFF\u00bb button_border_color=\u00bb#FFFFFF\u00bb background_layout=\u00bbdark\u00bb global_colors_info=\u00bb{}\u00bb][\/et_pb_button][\/et_pb_column][\/et_pb_row][\/et_pb_section][et_pb_section fb_built=\u00bb1&#8243; admin_label=\u00bbSection ESCAPE FOOD 2050&#8243; _builder_version=\u00bb4.25.1&#8243; _module_preset=\u00bb_initial\u00bb locked=\u00bboff\u00bb collapsed=\u00bboff\u00bb global_colors_info=\u00bb{}\u00bb][et_pb_row column_structure=\u00bb1_3,2_3&#8243; _builder_version=\u00bb4.25.1&#8243; _module_preset=\u00bbdefault\u00bb width=\u00bb100%\u00bb max_width=\u00bb2560px\u00bb collapsed=\u00bboff\u00bb global_colors_info=\u00bb{}\u00bb][et_pb_column type=\u00bb1_3&#8243; _builder_version=\u00bb4.25.1&#8243; _module_preset=\u00bbdefault\u00bb global_colors_info=\u00bb{}\u00bb][et_pb_image src=\u00bbhttps:\/\/menjaactuaimpacta.org\/wp-content\/uploads\/2024\/08\/logo-escape-food-2050-Fundesplai.png\u00bb title_text=\u00bblogo escape food 2050 Fundesplai\u00bb align=\u00bbcenter\u00bb admin_label=\u00bbLOGO Escape Food 2050&#8243; _builder_version=\u00bb4.25.1&#8243; _module_preset=\u00bbdefault\u00bb global_colors_info=\u00bb{}\u00bb][\/et_pb_image][et_pb_image src=\u00bbhttps:\/\/menjaactuaimpacta.org\/wp-content\/uploads\/2023\/11\/MILLOR-ESCAPE-ORIGINAL-3.png\u00bb title_text=\u00bbMEJOR ESCAPE ORIGINAL (3)\u00bb align=\u00bbcenter\u00bb admin_label=\u00bbLOGO Escape Food 2050&#8243; _builder_version=\u00bb4.25.1&#8243; _module_preset=\u00bbdefault\u00bb width=\u00bb50%\u00bb global_colors_info=\u00bb{}\u00bb][\/et_pb_image][\/et_pb_column][et_pb_column type=\u00bb2_3&#8243; _builder_version=\u00bb4.25.1&#8243; _module_preset=\u00bbdefault\u00bb global_colors_info=\u00bb{}\u00bb][et_pb_text admin_label=\u00bbT\u00cdTOL &#8211; Escape Food 2050&#8243; _builder_version=\u00bb4.25.1&#8243; _module_preset=\u00bb_initial\u00bb header_font_size=\u00bb50px\u00bb global_colors_info=\u00bb{}\u00bb]<\/p>\n<h1 style=\"text-align: left;\">ESCAPE FOOD 2050<\/h1>\n<div id=\"mouseposition-extension-element-full-container\" style=\"position: fixed; inset: 0px; pointer-events: none; z-index: 2147483647; font-weight: 400;\">\n<div id=\"mouseposition-extension-element-rect-display\" style=\"display: none; position: absolute; background: rgba(255, 255, 255, 0.7); outline: black solid 1px; font-size: 12px; z-index: 2147483647; justify-content: center; align-items: center; user-select: none; cursor: default; color: #000000; font-family: 'Helvetica Neue', Helvetica, Arial, sans-serif; width: 0px; height: 0px;\">\n<pre style=\"flex: 1 1 0%; text-align: center; background-color: rgba(255, 255, 255, 0.7); color: #000000; min-width: 42px; min-height: 12px; transition: 1s;\"> <\/pre>\n<p>&nbsp;<\/p>\n<\/div>\n<p>&nbsp;<\/p>\n<pre id=\"mouseposition-extension-element-coordinate-display\" style=\"position: absolute; display: none; background: #ffffff; font-size: 12px; line-height: 14px; border-radius: 3px; border-width: 1px; border-color: #222222 black #333333; border-style: solid; padding: 3px; z-index: 2147483647; color: #222222; user-select: none; cursor: default; font-family: 'Helvetica Neue', Helvetica, Arial, sans-serif;\"> <\/pre>\n<\/div>\n<p>[\/et_pb_text][et_pb_text _builder_version=\u00bb4.25.1&#8243; _module_preset=\u00bbdefault\u00bb global_colors_info=\u00bb{}\u00bb]<\/p>\n<p style=\"text-align: left;\">Haz la compra en el supermercado y p\u00e1gala en el a\u00f1o 2050. \u00bfTe atreves? \u00a1Un escape room original que te har\u00e1 re\u00edr y pensar!  <\/p>\n<p style=\"text-align: left;\">Es una actividad para <strong>grupos escolares, grupos de entidades o empresas<\/strong> con personas <strong>mayores de 16 a\u00f1os<\/strong> , cada partida tiene una duraci\u00f3n de <strong>60 minutos<\/strong> . Se necesita un m\u00ednimo de agilidad f\u00edsica para conseguir salir del escape room, pero para las personas con movilidad reducida o menos agilidad, siempre existe un plan B. Contacta con nosotros si te interesa reservar una partida para el tuyo grupo.  <\/p>\n<p><strong>Nominada a<\/strong> <strong><em>Mejor Escape Room Original<\/em><\/strong> en 2022. \u00a1Te sorprender\u00e1! <\/p>\n<p>[\/et_pb_text][\/et_pb_column][\/et_pb_row][et_pb_row column_structure=\u00bb1_5,3_5,1_5&#8243; _builder_version=\u00bb4.25.1&#8243; _module_preset=\u00bbdefault\u00bb width=\u00bb100%\u00bb max_width=\u00bb2560px\u00bb collapsed=\u00bboff\u00bb global_colors_info=\u00bb{}\u00bb][et_pb_column type=\u00bb1_5&#8243; _builder_version=\u00bb4.25.1&#8243; _module_preset=\u00bbdefault\u00bb global_colors_info=\u00bb{}\u00bb][\/et_pb_column][et_pb_column type=\u00bb3_5&#8243; _builder_version=\u00bb4.25.1&#8243; _module_preset=\u00bbdefault\u00bb global_colors_info=\u00bb{}\u00bb][et_pb_video src=\u00bbhttps:\/\/youtu.be\/qhHKyWKTswI\u00bb _builder_version=\u00bb4.25.1&#8243; _module_preset=\u00bbdefault\u00bb global_colors_info=\u00bb{}\u00bb][\/et_pb_video][et_pb_button button_url=\u00bb@ET-DC@eyJkeW5hbWljIjp0cnVlLCJjb250ZW50IjoicG9zdF9saW5rX3VybF9wYWdlIiwic2V0dGluZ3MiOnsicG9zdF9pZCI6IjY1NSJ9fQ==@\u00bb button_text=\u00bbVen con el instituto, la entidad o empresa, \u00a1reserva una partida!\u00bb _builder_version=\u00bb4.25.1&#8243; _dynamic_attributes=\u00bbbutton_url\u00bb _module_preset=\u00bbeae2b7c0-89eb-4d9a-ab41-91abfc0231e6&#8243; global_colors_info=\u00bb{}\u00bb][\/et_pb_button][\/et_pb_column][et_pb_column type=\u00bb1_5&#8243; _builder_version=\u00bb4.25.1&#8243; _module_preset=\u00bbdefault\u00bb global_colors_info=\u00bb{}\u00bb][\/et_pb_column][\/et_pb_row][\/et_pb_section][et_pb_section fb_built=\u00bb1&#8243; admin_label=\u00bbSection ESCAPR FOOD JUNIOR\u00bb _builder_version=\u00bb4.25.1&#8243; _module_preset=\u00bb_initial\u00bb locked=\u00bboff\u00bb collapsed=\u00bboff\u00bb global_colors_info=\u00bb{}\u00bb][et_pb_row column_structure=\u00bb1_3,2_3&#8243; _builder_version=\u00bb4.25.1&#8243; _module_preset=\u00bbdefault\u00bb width=\u00bb100%\u00bb max_width=\u00bb2560px\u00bb collapsed=\u00bboff\u00bb global_colors_info=\u00bb{}\u00bb][et_pb_column type=\u00bb1_3&#8243; _builder_version=\u00bb4.25.1&#8243; _module_preset=\u00bbdefault\u00bb global_colors_info=\u00bb{}\u00bb][et_pb_image src=\u00bbhttps:\/\/menjaactuaimpacta.org\/wp-content\/uploads\/2024\/08\/logo_escape_food_junior_fundesplai.png\u00bb title_text=\u00bblogo_escape_food_junior_fundesplai\u00bb align=\u00bbcenter\u00bb admin_label=\u00bbLOGO Escape Food Junior\u00bb _builder_version=\u00bb4.25.1&#8243; _module_preset=\u00bbdefault\u00bb global_colors_info=\u00bb{}\u00bb][\/et_pb_image][\/et_pb_column][et_pb_column type=\u00bb2_3&#8243; _builder_version=\u00bb4.25.1&#8243; _module_preset=\u00bbdefault\u00bb global_colors_info=\u00bb{}\u00bb][et_pb_text admin_label=\u00bbT\u00cdTOL &#8211; Escape Food Junior\u00bb _builder_version=\u00bb4.25.1&#8243; _module_preset=\u00bb_initial\u00bb header_font_size=\u00bb50px\u00bb global_colors_info=\u00bb{}\u00bb]<\/p>\n<h1 style=\"text-align: left;\">ESCAPE FOOD JUNIOR<\/h1>\n<div id=\"mouseposition-extension-element-full-container\" style=\"position: fixed; inset: 0px; pointer-events: none; z-index: 2147483647; font-weight: 400;\">\n<div id=\"mouseposition-extension-element-rect-display\" style=\"display: none; position: absolute; background: rgba(255, 255, 255, 0.7); outline: black solid 1px; font-size: 12px; z-index: 2147483647; justify-content: center; align-items: center; user-select: none; cursor: default; color: #000000; font-family: 'Helvetica Neue', Helvetica, Arial, sans-serif; width: 0px; height: 0px;\">\n<pre style=\"flex: 1 1 0%; text-align: center; background-color: rgba(255, 255, 255, 0.7); color: #000000; min-width: 42px; min-height: 12px; transition: 1s;\"> <\/pre>\n<p>&nbsp;<\/p>\n<\/div>\n<p>&nbsp;<\/p>\n<pre id=\"mouseposition-extension-element-coordinate-display\" style=\"position: absolute; display: none; background: #ffffff; font-size: 12px; line-height: 14px; border-radius: 3px; border-width: 1px; border-color: #222222 black #333333; border-style: solid; padding: 3px; z-index: 2147483647; color: #222222; user-select: none; cursor: default; font-family: 'Helvetica Neue', Helvetica, Arial, sans-serif;\"> <\/pre>\n<\/div>\n<p>[\/et_pb_text][et_pb_text _builder_version=\u00bb4.25.1&#8243; _module_preset=\u00bbdefault\u00bb global_colors_info=\u00bb{}\u00bb]<\/p>\n<p>Escape Food Junior es una <strong>actividad para grupos escolares<\/strong> de ni\u00f1os <strong>a partir de 9 a\u00f1os<\/strong> en los que deben trabajar en equipo, cooperar y resolver los enigmas planteados en torno a la alimentaci\u00f3n sostenible y saludable. Pueden jugar hasta 4 equipos a la vez: \u00a1m\u00e1s de 20 jugadores y jugadoras a la vez! <\/p>\n<p>Nos adentramos en una nave espacial y adquiriremos poderes para ayudar a salvar el planeta. \u00bfTe apuntas al reto? <\/p>\n<p>[\/et_pb_text][\/et_pb_column][\/et_pb_row][et_pb_row column_structure=\u00bb1_5,3_5,1_5&#8243; _builder_version=\u00bb4.25.1&#8243; _module_preset=\u00bbdefault\u00bb width=\u00bb100%\u00bb max_width=\u00bb2560px\u00bb collapsed=\u00bboff\u00bb global_colors_info=\u00bb{}\u00bb][et_pb_column type=\u00bb1_5&#8243; _builder_version=\u00bb4.25.1&#8243; _module_preset=\u00bbdefault\u00bb global_colors_info=\u00bb{}\u00bb][\/et_pb_column][et_pb_column type=\u00bb3_5&#8243; _builder_version=\u00bb4.25.1&#8243; _module_preset=\u00bbdefault\u00bb global_colors_info=\u00bb{}\u00bb][et_pb_video src=\u00bbhttps:\/\/youtu.be\/dn3a-o1AusU\u00bb _builder_version=\u00bb4.25.1&#8243; _module_preset=\u00bbdefault\u00bb global_colors_info=\u00bb{}\u00bb][\/et_pb_video][et_pb_button button_url=\u00bb@ET-DC@eyJkeW5hbWljIjp0cnVlLCJjb250ZW50IjoicG9zdF9saW5rX3VybF9wYWdlIiwic2V0dGluZ3MiOnsicG9zdF9pZCI6IjY1NSJ9fQ==@\u00bb button_text=\u00bbVen con la escuela, \u00a1reserva aqu\u00ed una partida!\u00bb _builder_version=\u00bb4.25.1&#8243; _dynamic_attributes=\u00bbbutton_url\u00bb _module_preset=\u00bbeae2b7c0-89eb-4d9a-ab41-91abfc0231e6&#8243; locked=\u00bboff\u00bb global_colors_info=\u00bb{}\u00bb][\/et_pb_button][\/et_pb_column][et_pb_column type=\u00bb1_5&#8243; _builder_version=\u00bb4.25.1&#8243; _module_preset=\u00bbdefault\u00bb global_colors_info=\u00bb{}\u00bb][\/et_pb_column][\/et_pb_row][\/et_pb_section][et_pb_section fb_built=\u00bb1&#8243; admin_label=\u00bbSection COM ARRIBAR? \u00bb _builder_version=\u00bb4.25.1&#8243; _module_preset=\u00bbdefault\u00bb background_color=\u00bb#FDB900&#8243; locked=\u00bboff\u00bb collapsed=\u00bbon\u00bb global_colors_info=\u00bb{}\u00bb][et_pb_row column_structure=\u00bb2_5,3_5&#8243; _builder_version=\u00bb4.25.1&#8243; _module_preset=\u00bbdefault\u00bb background_enable_color=\u00bboff\u00bb width=\u00bb100%\u00bb max_width=\u00bb2560px\u00bb custom_padding=\u00bb50px||50px||false|false\u00bb locked=\u00bboff\u00bb collapsed=\u00bboff\u00bb global_colors_info=\u00bb{}\u00bb][et_pb_column type=\u00bb2_5&#8243; _builder_version=\u00bb4.25.1&#8243; _module_preset=\u00bbdefault\u00bb global_colors_info=\u00bb{}\u00bb][et_pb_text admin_label=\u00bbcom arribar a centre esplai?\u00bb _builder_version=\u00bb4.25.1&#8243; _module_preset=\u00bbdefault\u00bb text_text_color=\u00bb#FFFFFF\u00bb header_text_color=\u00bb#FFFFFF\u00bb header_font_size=\u00bb50px\u00bb header_2_text_color=\u00bb#FFFFFF\u00bb header_2_font_size=\u00bb50px\u00bb header_3_text_color=\u00bb#FFFFFF\u00bb locked=\u00bboff\u00bb global_colors_info=\u00bb{}\u00bb]<\/p>\n<h2>\u00bfC\u00d3MO LLEGAR A CENTRO ESPLAI?<\/h2>\n<p><strong>Exposici\u00f3n Come Act\u00faa Impacta<\/strong> Edificio Centre Esplai Calle Riu Anoia 42-54 08820, El Prat de Llobregat <a href=\"https:\/\/www.google.com\/maps\/place\/Fundaci%C3%B3+Catalana+de+l'Esplai\/@41.3156772,2.0802597,17z\/data=!4m12!1m6!3m5!1s0x12a49e947b49f78f:0x35233620ad0e081a!2sFundaci%C3%B3+Catalana+de+l'Esplai!8m2!3d41.3156732!4d2.0824484!3m4!1s0x12a49e947b49f78f:0x35233620ad0e081a!8m2!3d41.3156732!4d2.0824484\" target=\"_blank\" rel=\"noreferrer noopener\">&gt; Ver mapa<\/a><\/p>\n<div id=\"mouseposition-extension-element-full-container\" style=\"position: fixed; inset: 0px; pointer-events: none; z-index: 2147483647; font-weight: 400;\">\n<div id=\"mouseposition-extension-element-rect-display\" style=\"display: none; position: absolute; background: rgba(255, 255, 255, 0.7); outline: black solid 1px; font-size: 12px; z-index: 2147483647; justify-content: center; align-items: center; user-select: none; cursor: default; color: #000000; font-family: 'Helvetica Neue', Helvetica, Arial, sans-serif; width: 0px; height: 0px;\">\n<pre style=\"flex: 1 1 0%; text-align: center; background-color: rgba(255, 255, 255, 0.7); color: #000000; min-width: 42px; min-height: 12px; transition: 1s;\"><\/pre>\n<p>&nbsp;<\/p>\n<\/div>\n<p>&nbsp;<\/p>\n<pre id=\"mouseposition-extension-element-coordinate-display\" style=\"position: absolute; display: none; background: #ffffff; font-size: 12px; line-height: 14px; border-radius: 3px; border-width: 1px; border-color: #222222 black #333333; border-style: solid; padding: 3px; z-index: 2147483647; color: #222222; user-select: none; cursor: default; font-family: 'Helvetica Neue', Helvetica, Arial, sans-serif;\"><\/pre>\n<\/div>\n<p>[\/et_pb_text][\/et_pb_column][et_pb_column type=\u00bb3_5&#8243; _builder_version=\u00bb4.25.1&#8243; _module_preset=\u00bbdefault\u00bb global_colors_info=\u00bb{}\u00bb][et_pb_text admin_label=\u00bbcom arribar a centre esplai?\u00bb _builder_version=\u00bb4.25.1&#8243; _module_preset=\u00bbdefault\u00bb text_text_color=\u00bb#FFFFFF\u00bb header_text_color=\u00bb#FFFFFF\u00bb header_font_size=\u00bb50px\u00bb header_2_text_color=\u00bb#FFFFFF\u00bb header_3_text_color=\u00bb#FFFFFF\u00bb header_5_font=\u00bbFormula Condensed Bold||||||||\u00bb header_5_text_color=\u00bb#FFFFFF\u00bb header_5_font_size=\u00bb25px\u00bb locked=\u00bboff\u00bb global_colors_info=\u00bb{}\u00bb]<\/p>\n<h5>EN METRO<\/h5>\n<p> L9 &#8211; Estaci\u00f3n Parc Nou, situada a 550 metros de Centre Esplai (s\u00f3lo 7 minutos andando hasta el recinto de la exposici\u00f3n). <\/p>\n<h5>EN TREN<\/h5>\n<p> L\u00ednea cercan\u00edas C2 Sur y R2 Sur. Parada en Estaci\u00f3n del Prat de Llobregat. Una vez all\u00ed, Metro L9 y bajar a la estaci\u00f3n Parc Nou; o bien, tomar el autob\u00fas PR1, PR2 o PR3 con parada en la C\/Riu Llobregat. <\/p>\n<h5>EN AUTOB\u00daS DESDE BARCELONA \u2013 PLAZA ESPA\u00d1A<\/h5>\n<p> BUS 65, parada: C\/Riu Llobregat BUS 165 Pratexpress, parada: Av.Remolar-Riu Guadalquivir[\/et_pb_text][\/et_pb_column][\/et_pb_row][\/et_pb_section][et_pb_section fb_built=\u00bb1&#8243; fullwidth=\u00bbon\u00bb admin_label=\u00bbSection MAPA\u00bb _builder_version=\u00bb4.25.1&#8243; _module_preset=\u00bbdefault\u00bb locked=\u00bboff\u00bb global_colors_info=\u00bb{}\u00bb][et_pb_fullwidth_code _builder_version=\u00bb4.25.1&#8243; _module_preset=\u00bbdefault\u00bb global_colors_info=\u00bb{}\u00bb]<iframe loading=\"lazy\" style=\"border: 0;\" src=\"https:\/\/www.google.com\/maps\/embed?pb=!1m18!1m12!1m3!1d95826.81728120166!2d1.9858202426040237!3d41.361307159610234!2m3!1f0!2f0!3f0!3m2!1i1024!2i768!4f13.1!3m3!1m2!1s0x12a49e947b49f78f%3A0x35233620ad0e081a!2sFundaci%C3%B3%20Catalana%20de%20l'Esplai!5e0!3m2!1sca!2ses!4v1722501134814!5m2!1sca!2ses\" width=\"100%\" height=\"600\" allowfullscreen=\"allowfullscreen\"><\/iframe>[\/et_pb_fullwidth_code][\/et_pb_section]<\/p>\n","protected":false},"excerpt":{"rendered":"<p>ESCAPE ROOMS EN EL PRAT DE LLOBREGAT En Centre Esplai , El Prat de Llobregat, tenemos 2 escape rooms \u00fanicos! \u00a1El Escape Food 2050 ha sido nominado a mejor sala original de Espa\u00f1a! S\u00f3lo tienes que hacer la compra en el supermercado y p\u00e1gala en el a\u00f1o 2050. Para mayores de 16 a\u00f1os y adultos. [&hellip;]<\/p>\n","protected":false},"author":3,"featured_media":0,"parent":0,"menu_order":0,"comment_status":"closed","ping_status":"closed","template":"","meta":{"_et_pb_use_builder":"on","_et_pb_old_content":"","_et_gb_content_width":"","footnotes":""},"class_list":["post-19830","page","type-page","status-publish","hentry"],"yoast_head":"<!-- This site is optimized with the Yoast SEO plugin v27.3 - https:\/\/yoast.com\/product\/yoast-seo-wordpress\/ -->\n<title>Escape rooms - Menja Actua Impacta<\/title>\n<meta name=\"robots\" content=\"index, follow, max-snippet:-1, max-image-preview:large, max-video-preview:-1\" \/>\n<link rel=\"canonical\" href=\"https:\/\/menjaactuaimpacta.org\/es\/escape-rooms\/\" \/>\n<meta property=\"og:locale\" content=\"es_ES\" \/>\n<meta property=\"og:type\" content=\"article\" \/>\n<meta property=\"og:title\" content=\"Escape rooms - Menja Actua Impacta\" \/>\n<meta property=\"og:description\" content=\"ESCAPE ROOMS EN EL PRAT DE LLOBREGAT En Centre Esplai , El Prat de Llobregat, tenemos 2 escape rooms \u00fanicos! \u00a1El Escape Food 2050 ha sido nominado a mejor sala original de Espa\u00f1a! S\u00f3lo tienes que hacer la compra en el supermercado y p\u00e1gala en el a\u00f1o 2050. Para mayores de 16 a\u00f1os y adultos. [&hellip;]\" \/>\n<meta property=\"og:url\" content=\"https:\/\/menjaactuaimpacta.org\/es\/escape-rooms\/\" \/>\n<meta property=\"og:site_name\" content=\"Menja Actua Impacta\" \/>\n<meta property=\"article:modified_time\" content=\"2024-08-09T12:14:13+00:00\" \/>\n<meta name=\"twitter:card\" content=\"summary_large_image\" \/>\n<meta name=\"twitter:label1\" content=\"Tiempo de lectura\" \/>\n\t<meta name=\"twitter:data1\" content=\"7 minutos\" \/>\n<script type=\"application\/ld+json\" class=\"yoast-schema-graph\">{\"@context\":\"https:\\\/\\\/schema.org\",\"@graph\":[{\"@type\":\"WebPage\",\"@id\":\"https:\\\/\\\/menjaactuaimpacta.org\\\/es\\\/escape-rooms\\\/\",\"url\":\"https:\\\/\\\/menjaactuaimpacta.org\\\/es\\\/escape-rooms\\\/\",\"name\":\"Escape rooms - Menja Actua Impacta\",\"isPartOf\":{\"@id\":\"https:\\\/\\\/menjaactuaimpacta.org\\\/es\\\/#website\"},\"datePublished\":\"2024-08-09T06:28:36+00:00\",\"dateModified\":\"2024-08-09T12:14:13+00:00\",\"breadcrumb\":{\"@id\":\"https:\\\/\\\/menjaactuaimpacta.org\\\/es\\\/escape-rooms\\\/#breadcrumb\"},\"inLanguage\":\"es\",\"potentialAction\":[{\"@type\":\"ReadAction\",\"target\":[\"https:\\\/\\\/menjaactuaimpacta.org\\\/es\\\/escape-rooms\\\/\"]}]},{\"@type\":\"BreadcrumbList\",\"@id\":\"https:\\\/\\\/menjaactuaimpacta.org\\\/es\\\/escape-rooms\\\/#breadcrumb\",\"itemListElement\":[{\"@type\":\"ListItem\",\"position\":1,\"name\":\"Inici\",\"item\":\"https:\\\/\\\/menjaactuaimpacta.org\\\/es\\\/\"},{\"@type\":\"ListItem\",\"position\":2,\"name\":\"Escape rooms\"}]},{\"@type\":\"WebSite\",\"@id\":\"https:\\\/\\\/menjaactuaimpacta.org\\\/es\\\/#website\",\"url\":\"https:\\\/\\\/menjaactuaimpacta.org\\\/es\\\/\",\"name\":\"Menja Actua Impacta\",\"description\":\"\",\"publisher\":{\"@id\":\"https:\\\/\\\/menjaactuaimpacta.org\\\/es\\\/#organization\"},\"potentialAction\":[{\"@type\":\"SearchAction\",\"target\":{\"@type\":\"EntryPoint\",\"urlTemplate\":\"https:\\\/\\\/menjaactuaimpacta.org\\\/es\\\/?s={search_term_string}\"},\"query-input\":{\"@type\":\"PropertyValueSpecification\",\"valueRequired\":true,\"valueName\":\"search_term_string\"}}],\"inLanguage\":\"es\"},{\"@type\":\"Organization\",\"@id\":\"https:\\\/\\\/menjaactuaimpacta.org\\\/es\\\/#organization\",\"name\":\"Menja Actua Impacta\",\"url\":\"https:\\\/\\\/menjaactuaimpacta.org\\\/es\\\/\",\"logo\":{\"@type\":\"ImageObject\",\"inLanguage\":\"es\",\"@id\":\"https:\\\/\\\/menjaactuaimpacta.org\\\/es\\\/#\\\/schema\\\/logo\\\/image\\\/\",\"url\":\"https:\\\/\\\/menjaactuaimpacta.org\\\/wp-content\\\/uploads\\\/2024\\\/06\\\/Imagen-menja-actua-impacta.png\",\"contentUrl\":\"https:\\\/\\\/menjaactuaimpacta.org\\\/wp-content\\\/uploads\\\/2024\\\/06\\\/Imagen-menja-actua-impacta.png\",\"width\":933,\"height\":784,\"caption\":\"Menja Actua Impacta\"},\"image\":{\"@id\":\"https:\\\/\\\/menjaactuaimpacta.org\\\/es\\\/#\\\/schema\\\/logo\\\/image\\\/\"}}]}<\/script>\n<!-- \/ Yoast SEO plugin. -->","yoast_head_json":{"title":"Escape rooms - Menja Actua Impacta","robots":{"index":"index","follow":"follow","max-snippet":"max-snippet:-1","max-image-preview":"max-image-preview:large","max-video-preview":"max-video-preview:-1"},"canonical":"https:\/\/menjaactuaimpacta.org\/es\/escape-rooms\/","og_locale":"es_ES","og_type":"article","og_title":"Escape rooms - Menja Actua Impacta","og_description":"ESCAPE ROOMS EN EL PRAT DE LLOBREGAT En Centre Esplai , El Prat de Llobregat, tenemos 2 escape rooms \u00fanicos! \u00a1El Escape Food 2050 ha sido nominado a mejor sala original de Espa\u00f1a! S\u00f3lo tienes que hacer la compra en el supermercado y p\u00e1gala en el a\u00f1o 2050. Para mayores de 16 a\u00f1os y adultos. [&hellip;]","og_url":"https:\/\/menjaactuaimpacta.org\/es\/escape-rooms\/","og_site_name":"Menja Actua Impacta","article_modified_time":"2024-08-09T12:14:13+00:00","twitter_card":"summary_large_image","twitter_misc":{"Tiempo de lectura":"7 minutos"},"schema":{"@context":"https:\/\/schema.org","@graph":[{"@type":"WebPage","@id":"https:\/\/menjaactuaimpacta.org\/es\/escape-rooms\/","url":"https:\/\/menjaactuaimpacta.org\/es\/escape-rooms\/","name":"Escape rooms - Menja Actua Impacta","isPartOf":{"@id":"https:\/\/menjaactuaimpacta.org\/es\/#website"},"datePublished":"2024-08-09T06:28:36+00:00","dateModified":"2024-08-09T12:14:13+00:00","breadcrumb":{"@id":"https:\/\/menjaactuaimpacta.org\/es\/escape-rooms\/#breadcrumb"},"inLanguage":"es","potentialAction":[{"@type":"ReadAction","target":["https:\/\/menjaactuaimpacta.org\/es\/escape-rooms\/"]}]},{"@type":"BreadcrumbList","@id":"https:\/\/menjaactuaimpacta.org\/es\/escape-rooms\/#breadcrumb","itemListElement":[{"@type":"ListItem","position":1,"name":"Inici","item":"https:\/\/menjaactuaimpacta.org\/es\/"},{"@type":"ListItem","position":2,"name":"Escape rooms"}]},{"@type":"WebSite","@id":"https:\/\/menjaactuaimpacta.org\/es\/#website","url":"https:\/\/menjaactuaimpacta.org\/es\/","name":"Menja Actua Impacta","description":"","publisher":{"@id":"https:\/\/menjaactuaimpacta.org\/es\/#organization"},"potentialAction":[{"@type":"SearchAction","target":{"@type":"EntryPoint","urlTemplate":"https:\/\/menjaactuaimpacta.org\/es\/?s={search_term_string}"},"query-input":{"@type":"PropertyValueSpecification","valueRequired":true,"valueName":"search_term_string"}}],"inLanguage":"es"},{"@type":"Organization","@id":"https:\/\/menjaactuaimpacta.org\/es\/#organization","name":"Menja Actua Impacta","url":"https:\/\/menjaactuaimpacta.org\/es\/","logo":{"@type":"ImageObject","inLanguage":"es","@id":"https:\/\/menjaactuaimpacta.org\/es\/#\/schema\/logo\/image\/","url":"https:\/\/menjaactuaimpacta.org\/wp-content\/uploads\/2024\/06\/Imagen-menja-actua-impacta.png","contentUrl":"https:\/\/menjaactuaimpacta.org\/wp-content\/uploads\/2024\/06\/Imagen-menja-actua-impacta.png","width":933,"height":784,"caption":"Menja Actua Impacta"},"image":{"@id":"https:\/\/menjaactuaimpacta.org\/es\/#\/schema\/logo\/image\/"}}]}},"_links":{"self":[{"href":"https:\/\/menjaactuaimpacta.org\/es\/wp-json\/wp\/v2\/pages\/19830","targetHints":{"allow":["GET"]}}],"collection":[{"href":"https:\/\/menjaactuaimpacta.org\/es\/wp-json\/wp\/v2\/pages"}],"about":[{"href":"https:\/\/menjaactuaimpacta.org\/es\/wp-json\/wp\/v2\/types\/page"}],"author":[{"embeddable":true,"href":"https:\/\/menjaactuaimpacta.org\/es\/wp-json\/wp\/v2\/users\/3"}],"replies":[{"embeddable":true,"href":"https:\/\/menjaactuaimpacta.org\/es\/wp-json\/wp\/v2\/comments?post=19830"}],"version-history":[{"count":18,"href":"https:\/\/menjaactuaimpacta.org\/es\/wp-json\/wp\/v2\/pages\/19830\/revisions"}],"predecessor-version":[{"id":19866,"href":"https:\/\/menjaactuaimpacta.org\/es\/wp-json\/wp\/v2\/pages\/19830\/revisions\/19866"}],"wp:attachment":[{"href":"https:\/\/menjaactuaimpacta.org\/es\/wp-json\/wp\/v2\/media?parent=19830"}],"curies":[{"name":"wp","href":"https:\/\/api.w.org\/{rel}","templated":true}]}}